{"id":49204,"date":"2025-10-13T22:13:44","date_gmt":"2025-10-13T22:13:44","guid":{"rendered":"https:\/\/snf.frifugl.com\/?page_id=49204"},"modified":"2025-10-13T23:34:47","modified_gmt":"2025-10-13T23:34:47","slug":"storsal","status":"publish","type":"page","link":"https:\/\/snf.frifugl.com\/se_no\/lokaler\/storsal\/","title":{"rendered":"Stuorra s\u00e1l"},"content":{"rendered":"<div class=\"gb-element-8ee28c68\">\n<div class=\"gb-element-b1432104\">\n<div class=\"gb-element-8b2bd6d9\">\n<div class=\"gb-element-8dd8e566\">\n<img loading=\"lazy\" decoding=\"async\" width=\"800\" height=\"534\" class=\"gb-media-babe8347\" src=\"https:\/\/snf.frifugl.com\/wp-content\/uploads\/2025\/10\/Senter_for_Nordlige_folk_sommer_001-2.jpg\" alt=\"Senter for nordlige folk\" title=\"Senter for Nordlige folk sommer\" srcset=\"https:\/\/snf.frifugl.com\/wp-content\/uploads\/2025\/10\/Senter_for_Nordlige_folk_sommer_001-2.jpg 800w, https:\/\/snf.frifugl.com\/wp-content\/uploads\/2025\/10\/Senter_for_Nordlige_folk_sommer_001-2-300x200.jpg 300w, https:\/\/snf.frifugl.com\/wp-content\/uploads\/2025\/10\/Senter_for_Nordlige_folk_sommer_001-2-768x513.jpg 768w, https:\/\/snf.frifugl.com\/wp-content\/uploads\/2025\/10\/Senter_for_Nordlige_folk_sommer_001-2-18x12.jpg 18w\" sizes=\"auto, (max-width: 800px) 100vw, 800px\" \/>\n\n\n\n<img loading=\"lazy\" decoding=\"async\" width=\"1024\" height=\"768\" class=\"gb-media-d556b97a\" src=\"https:\/\/snf.frifugl.com\/wp-content\/uploads\/2025\/10\/image-1024x768-1.jpeg\" alt=\"Storsalen\" title=\"image-1024x768\" srcset=\"https:\/\/snf.frifugl.com\/wp-content\/uploads\/2025\/10\/image-1024x768-1.jpeg 1024w, https:\/\/snf.frifugl.com\/wp-content\/uploads\/2025\/10\/image-1024x768-1-300x225.jpeg 300w, https:\/\/snf.frifugl.com\/wp-content\/uploads\/2025\/10\/image-1024x768-1-768x576.jpeg 768w, https:\/\/snf.frifugl.com\/wp-content\/uploads\/2025\/10\/image-1024x768-1-16x12.jpeg 16w\" sizes=\"auto, (max-width: 1024px) 100vw, 1024px\" \/>\n<\/div>\n\n\n\n<div class=\"gb-element-5a501d39\">\n<h2 class=\"gb-text\">Storsalen \u2013 fleksibel kultursal for m\u00f8ter og arrangementer<\/h2>\n\n\n\n<p class=\"gb-text\">Salen rommer opptil <strong>150 personer<\/strong> og kan tilpasses ulike behov med fleksibel m\u00f8blering, god akustikk og teknisk utstyr for b\u00e5de lyd og bilde. <\/p>\n\n\n\n<p>For mindre sammenkomster tilbyr vi ogs\u00e5 <strong>m\u00f8terom med plass til 10\u201320 personer<\/strong>, samt et <strong>hyggelig festlokale<\/strong> som egner seg for rundt <strong>30 gjester<\/strong> \u2013 ideelt for intime feiringer, kurs eller workshops.<br><\/p>\n\n\n\n<p>V\u00e5rt <strong>velutstyrte kj\u00f8kken<\/strong> gir deg alt du trenger for \u00e5 gjennomf\u00f8re et vellykket arrangement. Du kan selv st\u00e5 for serveringen eller benytte lokale cateringtilbud.<br><\/p>\n\n\n\n<p>Hos oss ligger alt til rette for en <strong>minneverdig opplevelse<\/strong> \u2013 enten du arrangerer et faglig m\u00f8te, en kulturkveld eller en privat feiring.<\/p>\n\n\n\n<div class=\"gb-element-6e369b8b\">\n<p>Leie av kultursal med teknisk utstyr:<br>kr. 10 000<br>Leie av kultursal uten teknisk utstyr:<br>Kr. 8 000<\/p>\n\n\n\n<p><strong>&nbsp;<\/strong><strong>Drift \/ Viessodoallu<\/strong>: 401 97 751<\/p>\n<\/div>\n\n\n\n<a class=\"gb-text gb-text-9a635b57\" href=\"\/se_no\/kontakt-oss\/\">Oktavuohta<\/a>\n<\/div>\n<\/div>\n<\/div>\n<\/div>","protected":false},"excerpt":{"rendered":"<p>Storsalen \u2013 fleksibel kultursal for m\u00f8ter og arrangementer Salen rommer opptil 150 personer og kan tilpasses ulike behov med fleksibel m\u00f8blering, god akustikk og teknisk utstyr for b\u00e5de lyd og bilde. For mindre sammenkomster tilbyr vi ogs\u00e5 m\u00f8terom med plass til 10\u201320 personer, samt et hyggelig festlokale som egner seg for rundt 30 gjester \u2013&hellip; <a class=\"continue\" href=\"https:\/\/snf.frifugl.com\/se_no\/lokaler\/storsal\/\">Joatkke lohkat<span> Stuorra s\u00e1l<\/span><\/a><\/p>","protected":false},"author":2,"featured_media":0,"parent":48903,"menu_order":0,"comment_status":"closed","ping_status":"closed","template":"","meta":{"footnotes":""},"class_list":["post-49204","page","type-page","status-publish"],"_hostinger_reach_plugin_has_subscription_block":false,"_hostinger_reach_plugin_is_elementor":false,"_links":{"self":[{"href":"https:\/\/snf.frifugl.com\/se_no\/wp-json\/wp\/v2\/pages\/49204","targetHints":{"allow":["GET"]}}],"collection":[{"href":"https:\/\/snf.frifugl.com\/se_no\/wp-json\/wp\/v2\/pages"}],"about":[{"href":"https:\/\/snf.frifugl.com\/se_no\/wp-json\/wp\/v2\/types\/page"}],"author":[{"embeddable":true,"href":"https:\/\/snf.frifugl.com\/se_no\/wp-json\/wp\/v2\/users\/2"}],"replies":[{"embeddable":true,"href":"https:\/\/snf.frifugl.com\/se_no\/wp-json\/wp\/v2\/comments?post=49204"}],"version-history":[{"count":6,"href":"https:\/\/snf.frifugl.com\/se_no\/wp-json\/wp\/v2\/pages\/49204\/revisions"}],"predecessor-version":[{"id":49233,"href":"https:\/\/snf.frifugl.com\/se_no\/wp-json\/wp\/v2\/pages\/49204\/revisions\/49233"}],"up":[{"embeddable":true,"href":"https:\/\/snf.frifugl.com\/se_no\/wp-json\/wp\/v2\/pages\/48903"}],"wp:attachment":[{"href":"https:\/\/snf.frifugl.com\/se_no\/wp-json\/wp\/v2\/media?parent=49204"}],"curies":[{"name":"wp","href":"https:\/\/api.w.org\/{rel}","templated":true}]}}