{"id":48903,"date":"2025-10-05T18:45:05","date_gmt":"2025-10-05T18:45:05","guid":{"rendered":"https:\/\/snf.frifugl.com\/?page_id=48903"},"modified":"2025-10-13T22:25:58","modified_gmt":"2025-10-13T22:25:58","slug":"lokaler","status":"publish","type":"page","link":"https:\/\/snf.frifugl.com\/se_no\/lokaler\/","title":{"rendered":"Lanjasat"},"content":{"rendered":"<div class=\"gb-element-8ee28c68\">\n<div class=\"gb-element-b1432104\">\n<div class=\"gb-element-8b2bd6d9\">\n<div class=\"gb-element-8dd8e566\">\n<img loading=\"lazy\" decoding=\"async\" width=\"800\" height=\"534\" class=\"gb-media-babe8347\" src=\"https:\/\/snf.frifugl.com\/wp-content\/uploads\/2025\/10\/Senter_for_Nordlige_folk_sommer_001-2.jpg\" alt=\"Senter for nordlige folk\" title=\"Senter for Nordlige folk sommer\" srcset=\"https:\/\/snf.frifugl.com\/wp-content\/uploads\/2025\/10\/Senter_for_Nordlige_folk_sommer_001-2.jpg 800w, https:\/\/snf.frifugl.com\/wp-content\/uploads\/2025\/10\/Senter_for_Nordlige_folk_sommer_001-2-300x200.jpg 300w, https:\/\/snf.frifugl.com\/wp-content\/uploads\/2025\/10\/Senter_for_Nordlige_folk_sommer_001-2-768x513.jpg 768w, https:\/\/snf.frifugl.com\/wp-content\/uploads\/2025\/10\/Senter_for_Nordlige_folk_sommer_001-2-18x12.jpg 18w\" sizes=\"auto, (max-width: 800px) 100vw, 800px\" \/>\n\n\n\n<img loading=\"lazy\" decoding=\"async\" width=\"1024\" height=\"681\" class=\"gb-media-d556b97a\" src=\"https:\/\/snf.frifugl.com\/wp-content\/uploads\/2025\/10\/Aja_Foto_Orjan_Bertelsen05-1024x681-1.jpg\" alt=\"\" title=\"Aja_Foto_Orjan_Bertelsen05-1024x681\" srcset=\"https:\/\/snf.frifugl.com\/wp-content\/uploads\/2025\/10\/Aja_Foto_Orjan_Bertelsen05-1024x681-1.jpg 1024w, https:\/\/snf.frifugl.com\/wp-content\/uploads\/2025\/10\/Aja_Foto_Orjan_Bertelsen05-1024x681-1-300x200.jpg 300w, https:\/\/snf.frifugl.com\/wp-content\/uploads\/2025\/10\/Aja_Foto_Orjan_Bertelsen05-1024x681-1-768x511.jpg 768w, https:\/\/snf.frifugl.com\/wp-content\/uploads\/2025\/10\/Aja_Foto_Orjan_Bertelsen05-1024x681-1-18x12.jpg 18w\" sizes=\"auto, (max-width: 1024px) 100vw, 1024px\" \/>\n<\/div>\n\n\n\n<div class=\"gb-element-5a501d39\">\n<h2 class=\"gb-text\"><strong>Skal du arrangere kurs, m\u00f8te eller konferanse? Leter du egnede lokaler for feiring av konfirmasjon, d\u00e5p eller bryllup? V\u00e5re lokaler egner seg til arrangementer av alle slag.<\/strong><\/h2>\n\n\n\n<p class=\"gb-text\">Vi har lokaler til st\u00f8rre og mindre kurs, konferanser, konfirmasjoner og andre arrangement. Du kan bestille v\u00e5r kultursal til st\u00f8rre m\u00f8ter og arrangementer (inntil 150 personer), m\u00f8terom for 10 \u2013 20 personer,&nbsp;&nbsp;festlokale for ca 30 personer. I tillegg disponerer vi Nisga\u2019a-huset med plass til 80 personer, tradisjonell sj\u00f8samisk gamme for ca 20 personer og lavvuer beregnet for 15 til 70 personer.<\/p>\n\n\n\n<p class=\"gb-text\">Book m\u00f8terom og servering hos oss, og dere l\u00e6rer om sj\u00f8samisk kultur ogs\u00e5 gjennom matserveringen. V\u00e5rt sj\u00f8samiske kj\u00f8kken har fokus p\u00e5 lokal tradisjonskost. Velg fra v\u00e5r sesongvarierte meny som du finner her.<\/p>\n<\/div>\n<\/div>\n<\/div>\n<\/div>\n\n\n\n<div class=\"gb-element-a89fb58b\">\n<div class=\"gb-element-47bd67dc\">\n<figure>\n<a href=\"\/se_no\/lokaler\/storsal\/\"><img loading=\"lazy\" decoding=\"async\" width=\"1024\" height=\"768\" class=\"gb-media-e42ebf8a\" alt=\"Storsalen\" src=\"https:\/\/snf.frifugl.com\/wp-content\/uploads\/2025\/10\/image-1024x768-1.jpeg\" title=\"image-1024x768\" srcset=\"https:\/\/snf.frifugl.com\/wp-content\/uploads\/2025\/10\/image-1024x768-1.jpeg 1024w, https:\/\/snf.frifugl.com\/wp-content\/uploads\/2025\/10\/image-1024x768-1-300x225.jpeg 300w, https:\/\/snf.frifugl.com\/wp-content\/uploads\/2025\/10\/image-1024x768-1-768x576.jpeg 768w, https:\/\/snf.frifugl.com\/wp-content\/uploads\/2025\/10\/image-1024x768-1-16x12.jpeg 16w\" sizes=\"auto, (max-width: 1024px) 100vw, 1024px\" \/><\/a>\n\n\n\n<figcaption class=\"gb-text gb-text-b7f07dd4\"><strong>Storsal (inntil 150 personer)<\/strong><\/figcaption>\n<\/figure>\n\n\n\n<p>Leie av kultursal med teknisk utstyr:<br>kr. 10 000<br>Leie av kultursal uten teknisk utstyr:<br>Kr. 8 000<\/p>\n\n\n\n<p><strong>&nbsp;<\/strong><strong>Drift \/ Viessodoallu<\/strong>: 401 97 751<\/p>\n<\/div>\n\n\n\n<div class=\"gb-element-aedf6768\">\n<figure>\n<a href=\"\/se_no\/lokaler\/kjokken\/\"><img loading=\"lazy\" decoding=\"async\" width=\"768\" height=\"576\" class=\"gb-media-2591db57\" alt=\"Kj\u00f8kken og kafelokale\" src=\"https:\/\/snf.frifugl.com\/wp-content\/uploads\/2025\/10\/image2768x576.jpeg\" title=\"image2768x576\" srcset=\"https:\/\/snf.frifugl.com\/wp-content\/uploads\/2025\/10\/image2768x576.jpeg 768w, https:\/\/snf.frifugl.com\/wp-content\/uploads\/2025\/10\/image2768x576-300x225.jpeg 300w, https:\/\/snf.frifugl.com\/wp-content\/uploads\/2025\/10\/image2768x576-16x12.jpeg 16w\" sizes=\"auto, (max-width: 768px) 100vw, 768px\" \/><\/a>\n\n\n\n<figcaption class=\"gb-text gb-text-3cc21fe5\"><strong>Kj\u00f8kken og kafelokale<\/strong><\/figcaption>\n\n\n\n<p>Kj\u00f8kken: kr. 6 000<br>Kafelokale: kr. 4 000<\/p>\n\n\n\n<p><strong>Kj\u00f8kken \/ Gievkkan \/ Kitchen<\/strong><\/p>\n\n\n\n<p>For ytterligere informasjon ta kontakt med Ann Kristin p\u00e5 telefon: 413 38 013, eller p\u00e5 e-post annkristin@nordligefolk.no<\/p>\n<\/figure>\n<\/div>\n\n\n\n<div class=\"gb-element-ad2bb7a0\">\n<figure>\n<img loading=\"lazy\" decoding=\"async\" width=\"768\" height=\"576\" class=\"gb-media-04456240\" alt=\"Klubbrom\" src=\"https:\/\/snf.frifugl.com\/wp-content\/uploads\/2025\/10\/image2-768x576-1.jpeg\" title=\"image2-768x576\" srcset=\"https:\/\/snf.frifugl.com\/wp-content\/uploads\/2025\/10\/image2-768x576-1.jpeg 768w, https:\/\/snf.frifugl.com\/wp-content\/uploads\/2025\/10\/image2-768x576-1-300x225.jpeg 300w, https:\/\/snf.frifugl.com\/wp-content\/uploads\/2025\/10\/image2-768x576-1-16x12.jpeg 16w\" sizes=\"auto, (max-width: 768px) 100vw, 768px\" \/>\n\n\n\n<figcaption class=\"gb-text gb-text-868d6447\"><strong>Klubbrom \/ m\u00f8terom<\/strong><\/figcaption>\n\n\n\n<p><strong>Klubbrom&nbsp;<\/strong>(30 personer): kr. 3 000<br><strong>M\u00f8terom&nbsp;<\/strong>(16 pers)<strong>:&nbsp;<\/strong>kr. 1 500<br><strong>Studierommet<\/strong>&nbsp;(10 pers): kr.<strong>&nbsp;<\/strong>700<br><strong>Gamma<\/strong>&nbsp;(20 personer): kr.<strong>&nbsp;<\/strong>500<\/p>\n\n\n\n<p><strong>&nbsp;<\/strong><strong>Drift \/ Viessodoallu<\/strong>: 401 97 751<\/p>\n<\/figure>\n<\/div>\n<\/div>\n\n\n\n<h3 class=\"gb-text gb-text-80db0535\">Ta kontakt med Senter for Nordlige Folk for mer informasjon<\/h3>\n\n\n\n<a class=\"gb-text gb-text-9a635b57\" href=\"\/se_no\/kontakt-oss\/\">Oktavuohta<\/a>","protected":false},"excerpt":{"rendered":"<p>Skal du arrangere kurs, m\u00f8te eller konferanse? Leter du egnede lokaler for feiring av konfirmasjon, d\u00e5p eller bryllup? V\u00e5re lokaler egner seg til arrangementer av alle slag. Vi har lokaler til st\u00f8rre og mindre kurs, konferanser, konfirmasjoner og andre arrangement. Du kan bestille v\u00e5r kultursal til st\u00f8rre m\u00f8ter og arrangementer (inntil 150 personer), m\u00f8terom for&hellip; <a class=\"continue\" href=\"https:\/\/snf.frifugl.com\/se_no\/lokaler\/\">Joatkke lohkat<span> Lanjasat<\/span><\/a><\/p>","protected":false},"author":1,"featured_media":48897,"parent":0,"menu_order":0,"comment_status":"closed","ping_status":"closed","template":"","meta":{"footnotes":""},"class_list":["post-48903","page","type-page","status-publish","has-post-thumbnail"],"_hostinger_reach_plugin_has_subscription_block":false,"_hostinger_reach_plugin_is_elementor":false,"_links":{"self":[{"href":"https:\/\/snf.frifugl.com\/se_no\/wp-json\/wp\/v2\/pages\/48903","targetHints":{"allow":["GET"]}}],"collection":[{"href":"https:\/\/snf.frifugl.com\/se_no\/wp-json\/wp\/v2\/pages"}],"about":[{"href":"https:\/\/snf.frifugl.com\/se_no\/wp-json\/wp\/v2\/types\/page"}],"author":[{"embeddable":true,"href":"https:\/\/snf.frifugl.com\/se_no\/wp-json\/wp\/v2\/users\/1"}],"replies":[{"embeddable":true,"href":"https:\/\/snf.frifugl.com\/se_no\/wp-json\/wp\/v2\/comments?post=48903"}],"version-history":[{"count":11,"href":"https:\/\/snf.frifugl.com\/se_no\/wp-json\/wp\/v2\/pages\/48903\/revisions"}],"predecessor-version":[{"id":49214,"href":"https:\/\/snf.frifugl.com\/se_no\/wp-json\/wp\/v2\/pages\/48903\/revisions\/49214"}],"wp:featuredmedia":[{"embeddable":true,"href":"https:\/\/snf.frifugl.com\/se_no\/wp-json\/wp\/v2\/media\/48897"}],"wp:attachment":[{"href":"https:\/\/snf.frifugl.com\/se_no\/wp-json\/wp\/v2\/media?parent=48903"}],"curies":[{"name":"wp","href":"https:\/\/api.w.org\/{rel}","templated":true}]}}