{"id":49182,"date":"2025-10-13T21:20:43","date_gmt":"2025-10-13T21:20:43","guid":{"rendered":"https:\/\/snf.frifugl.com\/?page_id=49182"},"modified":"2025-10-13T21:51:01","modified_gmt":"2025-10-13T21:51:01","slug":"butikk","status":"publish","type":"page","link":"https:\/\/snf.frifugl.com\/en\/lokaler\/butikk\/","title":{"rendered":"Shop"},"content":{"rendered":"<div class=\"gb-element-8ee28c68\">\n<div class=\"gb-element-b1432104\">\n<div class=\"gb-element-8b2bd6d9\">\n<div class=\"gb-element-8dd8e566\">\n<img loading=\"lazy\" decoding=\"async\" width=\"2048\" height=\"1113\" class=\"gb-media-babe8347\" src=\"https:\/\/snf.frifugl.com\/wp-content\/uploads\/2025\/10\/IMG_4437-2048x1113-1.jpg\" alt=\"Butikken\" title=\"IMG_4437-2048x1113\" srcset=\"https:\/\/snf.frifugl.com\/wp-content\/uploads\/2025\/10\/IMG_4437-2048x1113-1.jpg 2048w, https:\/\/snf.frifugl.com\/wp-content\/uploads\/2025\/10\/IMG_4437-2048x1113-1-300x163.jpg 300w, https:\/\/snf.frifugl.com\/wp-content\/uploads\/2025\/10\/IMG_4437-2048x1113-1-1024x557.jpg 1024w, https:\/\/snf.frifugl.com\/wp-content\/uploads\/2025\/10\/IMG_4437-2048x1113-1-768x417.jpg 768w, https:\/\/snf.frifugl.com\/wp-content\/uploads\/2025\/10\/IMG_4437-2048x1113-1-1536x835.jpg 1536w, https:\/\/snf.frifugl.com\/wp-content\/uploads\/2025\/10\/IMG_4437-2048x1113-1-18x10.jpg 18w\" sizes=\"auto, (max-width: 2048px) 100vw, 2048px\" \/>\n\n\n\n<img loading=\"lazy\" decoding=\"async\" width=\"540\" height=\"361\" class=\"gb-media-d556b97a\" src=\"https:\/\/snf.frifugl.com\/wp-content\/uploads\/2025\/10\/riddu.jpg\" alt=\"Riddu\" title=\"riddu\" srcset=\"https:\/\/snf.frifugl.com\/wp-content\/uploads\/2025\/10\/riddu.jpg 540w, https:\/\/snf.frifugl.com\/wp-content\/uploads\/2025\/10\/riddu-300x201.jpg 300w, https:\/\/snf.frifugl.com\/wp-content\/uploads\/2025\/10\/riddu-18x12.jpg 18w\" sizes=\"auto, (max-width: 540px) 100vw, 540px\" \/>\n<\/div>\n\n\n\n<div class=\"gb-element-5a501d39\">\n<h2 class=\"gb-text\">Om butikken<\/h2>\n\n\n\n<p class=\"gb-text\">Er du p\u00e5 utkikk etter en gave utenom det vanlige?<br>P\u00e5 senterbutikken selger vi duodji, litteratur, b\u00f8ker, smykker, luer, votter, belter, kniver, urtekrydder med mer. Produktene er fra ulike leveramd\u00f8rer i S\u00e1pmi, og kvalitet er viktig for oss. Her finner du den perfekte gaven til alle anledninger!<br><br>Vi holder \u00e5pent fra mandag-fredag 10.00 \u2013 15.00.<br><strong>Velkommen til trivelig handel hos oss!<\/strong><\/p>\n\n\n\n<div class=\"gb-element-800e695f\">\n<h4 class=\"wp-block-heading has-base-3-color has-text-color has-link-color wp-elements-2aaa42c18a54c1e505df7a96a062df21\"><strong>Opening hours<\/strong><\/h4>\n\n\n\n<p>Mandag til fredag: 10.00-15.00<br>L\u00f8rdag: Stengt<br>S\u00f8ndag: Stengt<\/p>\n<\/div>\n<\/div>\n<\/div>\n<\/div>\n<\/div>","protected":false},"excerpt":{"rendered":"<p>Om butikken Er du p\u00e5 utkikk etter en gave utenom det vanlige?P\u00e5 senterbutikken selger vi duodji, litteratur, b\u00f8ker, smykker, luer, votter, belter, kniver, urtekrydder med mer. Produktene er fra ulike leveramd\u00f8rer i S\u00e1pmi, og kvalitet er viktig for oss. Her finner du den perfekte gaven til alle anledninger! Vi holder \u00e5pent fra mandag-fredag 10.00 \u2013&hellip; <a class=\"continue\" href=\"https:\/\/snf.frifugl.com\/en\/lokaler\/butikk\/\">Continue reading<span> Shop<\/span><\/a><\/p>","protected":false},"author":2,"featured_media":0,"parent":48903,"menu_order":0,"comment_status":"closed","ping_status":"closed","template":"","meta":{"footnotes":""},"class_list":["post-49182","page","type-page","status-publish"],"_hostinger_reach_plugin_has_subscription_block":false,"_hostinger_reach_plugin_is_elementor":false,"_links":{"self":[{"href":"https:\/\/snf.frifugl.com\/en\/wp-json\/wp\/v2\/pages\/49182","targetHints":{"allow":["GET"]}}],"collection":[{"href":"https:\/\/snf.frifugl.com\/en\/wp-json\/wp\/v2\/pages"}],"about":[{"href":"https:\/\/snf.frifugl.com\/en\/wp-json\/wp\/v2\/types\/page"}],"author":[{"embeddable":true,"href":"https:\/\/snf.frifugl.com\/en\/wp-json\/wp\/v2\/users\/2"}],"replies":[{"embeddable":true,"href":"https:\/\/snf.frifugl.com\/en\/wp-json\/wp\/v2\/comments?post=49182"}],"version-history":[{"count":1,"href":"https:\/\/snf.frifugl.com\/en\/wp-json\/wp\/v2\/pages\/49182\/revisions"}],"predecessor-version":[{"id":49184,"href":"https:\/\/snf.frifugl.com\/en\/wp-json\/wp\/v2\/pages\/49182\/revisions\/49184"}],"up":[{"embeddable":true,"href":"https:\/\/snf.frifugl.com\/en\/wp-json\/wp\/v2\/pages\/48903"}],"wp:attachment":[{"href":"https:\/\/snf.frifugl.com\/en\/wp-json\/wp\/v2\/media?parent=49182"}],"curies":[{"name":"wp","href":"https:\/\/api.w.org\/{rel}","templated":true}]}}