{"id":49117,"date":"2025-10-09T12:10:38","date_gmt":"2025-10-09T12:10:38","guid":{"rendered":"https:\/\/snf.frifugl.com\/?page_id=49117"},"modified":"2025-10-14T02:33:58","modified_gmt":"2025-10-14T02:33:58","slug":"museum","status":"publish","type":"page","link":"https:\/\/snf.frifugl.com\/en\/museum\/","title":{"rendered":"Museum"},"content":{"rendered":"<div class=\"gb-element-8ee28c68\">\n<div class=\"gb-element-b1432104\">\n<div class=\"gb-element-8b2bd6d9\">\n<div class=\"gb-element-8dd8e566\">\n<img loading=\"lazy\" decoding=\"async\" width=\"2048\" height=\"1366\" class=\"gb-media-babe8347\" src=\"https:\/\/snf.frifugl.com\/wp-content\/uploads\/2025\/10\/Utstilling_Senter_for_Nordlige_Folk_2024_-07398-2048x1366-1.jpg\" alt=\"Museum\" title=\"Utstilling_Senter_for_Nordlige_Folk_2024_-07398-2048x1366\" srcset=\"https:\/\/snf.frifugl.com\/wp-content\/uploads\/2025\/10\/Utstilling_Senter_for_Nordlige_Folk_2024_-07398-2048x1366-1.jpg 2048w, https:\/\/snf.frifugl.com\/wp-content\/uploads\/2025\/10\/Utstilling_Senter_for_Nordlige_Folk_2024_-07398-2048x1366-1-300x200.jpg 300w, https:\/\/snf.frifugl.com\/wp-content\/uploads\/2025\/10\/Utstilling_Senter_for_Nordlige_Folk_2024_-07398-2048x1366-1-1024x683.jpg 1024w, https:\/\/snf.frifugl.com\/wp-content\/uploads\/2025\/10\/Utstilling_Senter_for_Nordlige_Folk_2024_-07398-2048x1366-1-768x512.jpg 768w, https:\/\/snf.frifugl.com\/wp-content\/uploads\/2025\/10\/Utstilling_Senter_for_Nordlige_Folk_2024_-07398-2048x1366-1-1536x1025.jpg 1536w, https:\/\/snf.frifugl.com\/wp-content\/uploads\/2025\/10\/Utstilling_Senter_for_Nordlige_Folk_2024_-07398-2048x1366-1-18x12.jpg 18w\" sizes=\"auto, (max-width: 2048px) 100vw, 2048px\" \/>\n\n\n\n<img loading=\"lazy\" decoding=\"async\" width=\"700\" height=\"500\" class=\"gb-media-d556b97a\" src=\"https:\/\/snf.frifugl.com\/wp-content\/uploads\/2025\/10\/Utstilling_Senter_for_Nordlige_Folk_2024_-07345-scaled-700x500-1.jpg\" alt=\"Utstilling Senter for Nordlige Folk - 2024\" title=\"Utstilling_Senter_for_Nordlige_Folk_2024_-07345-scaled-700x500\" srcset=\"https:\/\/snf.frifugl.com\/wp-content\/uploads\/2025\/10\/Utstilling_Senter_for_Nordlige_Folk_2024_-07345-scaled-700x500-1.jpg 700w, https:\/\/snf.frifugl.com\/wp-content\/uploads\/2025\/10\/Utstilling_Senter_for_Nordlige_Folk_2024_-07345-scaled-700x500-1-300x214.jpg 300w, https:\/\/snf.frifugl.com\/wp-content\/uploads\/2025\/10\/Utstilling_Senter_for_Nordlige_Folk_2024_-07345-scaled-700x500-1-18x12.jpg 18w\" sizes=\"auto, (max-width: 700px) 100vw, 700px\" \/>\n<\/div>\n\n\n\n<div class=\"gb-element-5a501d39\">\n<h2 class=\"gb-text\">Davvi \u00e1lbmogiid guovdd\u00e1\u0161 \/ Senter for nordlige folk (D\u00c1G) har samisk museumsansvar for nordlige Midt- Troms og Nord- Troms. <\/h2>\n\n\n\n<p class=\"gb-text\">Museet skal drive innsamling, dokumentasjon, bevaring, forskning og formidling av regional samisk kultur og historie, og av nordlige folks kulturelle vitaliseringsuttrykk.<br>I v\u00e5rt arbeid forholder vi oss til ICOMs museumsdefinisjon:<\/p>\n\n\n\n<p><em>Et museum er en ikke-kommersiell, permanent institusjon i samfunnets tjeneste, som forsker p\u00e5, samler, konserverer, fortolker og formidler materiell og immateriell kulturarv. <\/em><\/p>\n\n\n\n<p class=\"gb-text\"><em>Museene er \u00e5pne for publikum, tilgjengelige og inkluderende, og fremmer mangfold og b\u00e6rekraft. De opererer og kommuniserer etisk og profesjonelt, legger til rette for bred deltakelse fra samfunnet og tilbyr varierte opplevelser for utdannelse, underholdning, refleksjon og kunnskapsdeling.<\/em><\/p>\n<\/div>\n<\/div>\n<\/div>\n<\/div>\n\n\n\n<div class=\"gb-element-3c98ad8b\">\n<div>\n<h2 class=\"gb-text\">Permanent exhibitions<\/h2>\n\n\n\n<div><div class=\"gb-looper-658eff46\">\n<div class=\"gb-loop-item gb-loop-item-fd9d0a5a post-49130 post type-post status-publish format-standard has-post-thumbnail hentry category-faste-utstillinger category-museum tag-utstillinger\">\n<img loading=\"lazy\" decoding=\"async\" width=\"1536\" height=\"1024\" data-media-id=\"49131\" class=\"gb-media-5a179a0f\" src=\"https:\/\/snf.frifugl.com\/wp-content\/uploads\/2025\/10\/Utstilling_Senter_for_Nordlige_Folk_2024_-07305-1536x1024-1.jpg\" alt=\"Fast utstilling:De \u010dalbmi ii olat guhkibuidda \u2013 S\u00e5 n\u00e5r \u00f8yet ikke lenger\" srcset=\"https:\/\/snf.frifugl.com\/wp-content\/uploads\/2025\/10\/Utstilling_Senter_for_Nordlige_Folk_2024_-07305-1536x1024-1.jpg 1536w, https:\/\/snf.frifugl.com\/wp-content\/uploads\/2025\/10\/Utstilling_Senter_for_Nordlige_Folk_2024_-07305-1536x1024-1-300x200.jpg 300w, https:\/\/snf.frifugl.com\/wp-content\/uploads\/2025\/10\/Utstilling_Senter_for_Nordlige_Folk_2024_-07305-1536x1024-1-1024x683.jpg 1024w, https:\/\/snf.frifugl.com\/wp-content\/uploads\/2025\/10\/Utstilling_Senter_for_Nordlige_Folk_2024_-07305-1536x1024-1-768x512.jpg 768w, https:\/\/snf.frifugl.com\/wp-content\/uploads\/2025\/10\/Utstilling_Senter_for_Nordlige_Folk_2024_-07305-1536x1024-1-18x12.jpg 18w\" sizes=\"auto, (max-width: 1536px) 100vw, 1536px\" \/>\n\n\n\n<h2 class=\"gb-text gb-text-efb22e74\"><a href=\"https:\/\/snf.frifugl.com\/en\/fast-utstillingde-calbmi-ii-olat-guhkibuidda-sa-nar-oyet-ikke-lenger\/\">Permanent exhibition:De \u010dalbmi ii olat guhkibuidda \u2013 So the eye no longer reaches<\/a><\/h2>\n\n\n\n<p class=\"gb-text\">V\u00e5r faste utstilling De \u010dalbmi ii olat guhkibuidda \u2013 S\u00e5 n\u00e5r \u00f8yet ikke lenger, ble \u00e5pnet 6. februar 2024 <a class=\"continue\" href=\"https:\/\/snf.frifugl.com\/en\/fast-utstillingde-calbmi-ii-olat-guhkibuidda-sa-nar-oyet-ikke-lenger\/\">Continue reading<span> Permanent exhibition:De \u010dalbmi ii olat guhkibuidda \u2013 So the eye no longer reaches<\/span><\/a><\/p>\n<\/div>\n\n<div class=\"gb-loop-item gb-loop-item-fd9d0a5a post-49155 post type-post status-publish format-standard has-post-thumbnail hentry category-faste-utstillinger tag-utstillinger\">\n<img loading=\"lazy\" decoding=\"async\" width=\"1024\" height=\"724\" data-media-id=\"49156\" class=\"gb-media-5a179a0f\" src=\"https:\/\/snf.frifugl.com\/wp-content\/uploads\/2025\/10\/11-1024x724-1.png\" alt=\"Sj\u00e5bakkenhuset\" srcset=\"https:\/\/snf.frifugl.com\/wp-content\/uploads\/2025\/10\/11-1024x724-1.png 1024w, https:\/\/snf.frifugl.com\/wp-content\/uploads\/2025\/10\/11-1024x724-1-300x212.png 300w, https:\/\/snf.frifugl.com\/wp-content\/uploads\/2025\/10\/11-1024x724-1-768x543.png 768w, https:\/\/snf.frifugl.com\/wp-content\/uploads\/2025\/10\/11-1024x724-1-18x12.png 18w\" sizes=\"auto, (max-width: 1024px) 100vw, 1024px\" \/>\n\n\n\n<h2 class=\"gb-text gb-text-efb22e74\"><a href=\"https:\/\/snf.frifugl.com\/en\/sjabakkenhuset\/\">Sj\u00e5bakken-house<\/a><\/h2>\n\n\n\n<p class=\"gb-text\">Dette historiske huset er kjent som b\u00e5de Sj\u00e5bakkenhuset og Sjit helvedes k\u00e5ken.\u00a0Her bodde Nils Anton Andersen Sj\u00e5bakken (1915-1981) og hans mor Anne Margrethe Kristine Mikkelsen (1879-1982). <a class=\"continue\" href=\"https:\/\/snf.frifugl.com\/en\/sjabakkenhuset\/\">Continue reading<span> Sj\u00e5bakken-house<\/span><\/a><\/p>\n<\/div>\n<\/div>\n\n\n<div class=\"gb-element-dd3d0f3c gb-query-loop-pagination\">\n\n\n\n<\/div>\n\n\n<\/div>\n\n\n\n<div class=\"gb-element-dd246c8e\">\n<h2 class=\"gb-text gb-text-7c0933a7\">Priser faste utstillinger<\/h2>\n\n\n\n<ul class=\"wp-block-list\">\n<li>Inngang: 50,- NOK<\/li>\n\n\n\n<li>Inngang gruppepris: 500,- NOK<\/li>\n\n\n\n<li>Inngang barn og unge opp til 15 \u00e5r: GRATIS<\/li>\n\n\n\n<li>Omvisning i utstillingene (Varighet 30 minutt til 1 time): 600,- NOK<\/li>\n<\/ul>\n\n\n\n<p>Kun mulig p\u00e5 bestilling: Omvisning i utstillingene og fortellerstund i gammen med sj\u00f8samisk smakebit (Varighet 2-3 timer): 2000,-<\/p>\n\n\n\n<p>\u00d8nsker du \u00e5 bes\u00f8ke Sj\u00e5bakkhuset send en e-post til: post@nordligefolk.no eller ring: +47 91104059.<br>Pris: 100 kr<\/p>\n<\/div>\n<\/div>\n\n\n\n<div class=\"gb-element-a7bb03e4\">\n<h2 class=\"gb-text gb-text-c8427167\">Temporary exhibitions<\/h2>\n\n\n\n<div class=\"gb-query-9b794158\"><div class=\"gb-looper-17876ec1\">\n<div class=\"gb-loop-item gb-loop-item-99daad9e post-48952 post type-post status-publish format-standard has-post-thumbnail hentry category-midlertidige-utstillinger category-utstillinger tag-utstillinger\">\n<img loading=\"lazy\" decoding=\"async\" width=\"692\" height=\"1024\" data-media-id=\"48953\" class=\"gb-media-06d6b442\" src=\"https:\/\/snf.frifugl.com\/wp-content\/uploads\/2025\/10\/20250821_085700-692x1024-1.jpg\" alt=\"I\u2019m a S\u00e1mi Boy\" srcset=\"https:\/\/snf.frifugl.com\/wp-content\/uploads\/2025\/10\/20250821_085700-692x1024-1.jpg 692w, https:\/\/snf.frifugl.com\/wp-content\/uploads\/2025\/10\/20250821_085700-692x1024-1-203x300.jpg 203w, https:\/\/snf.frifugl.com\/wp-content\/uploads\/2025\/10\/20250821_085700-692x1024-1-8x12.jpg 8w\" sizes=\"auto, (max-width: 692px) 100vw, 692px\" \/>\n\n\n\n<h2 class=\"gb-text gb-text-dcc11f8f\"><a href=\"https:\/\/snf.frifugl.com\/en\/im-a-sami-boy\/\">I'm a S\u00e1mi Boy<\/a><\/h2>\n<\/div>\n\n<div class=\"gb-loop-item gb-loop-item-99daad9e post-49144 post type-post status-publish format-standard has-post-thumbnail hentry category-midlertidige-utstillinger category-utstillinger\">\n<img loading=\"lazy\" decoding=\"async\" width=\"768\" height=\"691\" data-media-id=\"49145\" class=\"gb-media-06d6b442\" src=\"https:\/\/snf.frifugl.com\/wp-content\/uploads\/2025\/10\/20250127_101628-768x691-2.jpg\" alt=\"Maskebett og n\u00e5l\" srcset=\"https:\/\/snf.frifugl.com\/wp-content\/uploads\/2025\/10\/20250127_101628-768x691-2.jpg 768w, https:\/\/snf.frifugl.com\/wp-content\/uploads\/2025\/10\/20250127_101628-768x691-2-300x270.jpg 300w, https:\/\/snf.frifugl.com\/wp-content\/uploads\/2025\/10\/20250127_101628-768x691-2-13x12.jpg 13w\" sizes=\"auto, (max-width: 768px) 100vw, 768px\" \/>\n\n\n\n<h2 class=\"gb-text gb-text-dcc11f8f\"><a href=\"https:\/\/snf.frifugl.com\/en\/maskebett-og-nal\/\">Maskebett og n\u00e5l<\/a><\/h2>\n<\/div>\n\n<div class=\"gb-loop-item gb-loop-item-99daad9e post-49150 post type-post status-publish format-standard has-post-thumbnail hentry category-midlertidige-utstillinger category-utstillinger\">\n<img loading=\"lazy\" decoding=\"async\" width=\"768\" height=\"576\" data-media-id=\"49149\" class=\"gb-media-06d6b442\" src=\"https:\/\/snf.frifugl.com\/wp-content\/uploads\/2025\/10\/1Fra-Klassesirkus-768x576-1.jpg\" alt=\"Fellesskap og utenforskap\" srcset=\"https:\/\/snf.frifugl.com\/wp-content\/uploads\/2025\/10\/1Fra-Klassesirkus-768x576-1.jpg 768w, https:\/\/snf.frifugl.com\/wp-content\/uploads\/2025\/10\/1Fra-Klassesirkus-768x576-1-300x225.jpg 300w, https:\/\/snf.frifugl.com\/wp-content\/uploads\/2025\/10\/1Fra-Klassesirkus-768x576-1-16x12.jpg 16w\" sizes=\"auto, (max-width: 768px) 100vw, 768px\" \/>\n\n\n\n<h2 class=\"gb-text gb-text-dcc11f8f\"><a href=\"https:\/\/snf.frifugl.com\/en\/fellesskap-og-utenforskap\/\">Fellesskap og utenforskap<\/a><\/h2>\n<\/div>\n\n<div class=\"gb-loop-item gb-loop-item-99daad9e post-49153 post type-post status-publish format-standard has-post-thumbnail hentry category-midlertidige-utstillinger category-utstillinger\">\n<img loading=\"lazy\" decoding=\"async\" width=\"768\" height=\"513\" data-media-id=\"49152\" class=\"gb-media-06d6b442\" src=\"https:\/\/snf.frifugl.com\/wp-content\/uploads\/2025\/10\/v-Den-fremmede-XV-2024-fiskeskinn-bjorkerotter-og-messingtrad36x22-cm-lysred-768x513-1.jpg\" alt=\"Den Fremmede\" srcset=\"https:\/\/snf.frifugl.com\/wp-content\/uploads\/2025\/10\/v-Den-fremmede-XV-2024-fiskeskinn-bjorkerotter-og-messingtrad36x22-cm-lysred-768x513-1.jpg 768w, https:\/\/snf.frifugl.com\/wp-content\/uploads\/2025\/10\/v-Den-fremmede-XV-2024-fiskeskinn-bjorkerotter-og-messingtrad36x22-cm-lysred-768x513-1-300x200.jpg 300w, https:\/\/snf.frifugl.com\/wp-content\/uploads\/2025\/10\/v-Den-fremmede-XV-2024-fiskeskinn-bjorkerotter-og-messingtrad36x22-cm-lysred-768x513-1-18x12.jpg 18w\" sizes=\"auto, (max-width: 768px) 100vw, 768px\" \/>\n\n\n\n<h2 class=\"gb-text gb-text-dcc11f8f\"><a href=\"https:\/\/snf.frifugl.com\/en\/den-fremmede\/\">Den Fremmede<\/a><\/h2>\n<\/div>\n\n<div class=\"gb-loop-item gb-loop-item-99daad9e post-49161 post type-post status-publish format-standard has-post-thumbnail hentry category-midlertidige-utstillinger category-utstillinger\">\n<img loading=\"lazy\" decoding=\"async\" width=\"1024\" height=\"637\" data-media-id=\"49162\" class=\"gb-media-06d6b442\" src=\"https:\/\/snf.frifugl.com\/wp-content\/uploads\/2025\/10\/SD7332-1024x637-1.jpg\" alt=\"VISUALIZING ARCTIC VOICES\" srcset=\"https:\/\/snf.frifugl.com\/wp-content\/uploads\/2025\/10\/SD7332-1024x637-1.jpg 1024w, https:\/\/snf.frifugl.com\/wp-content\/uploads\/2025\/10\/SD7332-1024x637-1-300x187.jpg 300w, https:\/\/snf.frifugl.com\/wp-content\/uploads\/2025\/10\/SD7332-1024x637-1-768x478.jpg 768w, https:\/\/snf.frifugl.com\/wp-content\/uploads\/2025\/10\/SD7332-1024x637-1-18x12.jpg 18w\" sizes=\"auto, (max-width: 1024px) 100vw, 1024px\" \/>\n\n\n\n<h2 class=\"gb-text gb-text-dcc11f8f\"><a href=\"https:\/\/snf.frifugl.com\/en\/visualizing-arctic-voices-10-7-2024-1-10-2024\/\">VISUALISING ARCTIC VOICES<\/a><\/h2>\n<\/div>\n\n<div class=\"gb-loop-item gb-loop-item-99daad9e post-49165 post type-post status-publish format-standard has-post-thumbnail hentry category-midlertidige-utstillinger category-utstillinger\">\n<img loading=\"lazy\" decoding=\"async\" width=\"1024\" height=\"532\" data-media-id=\"49166\" class=\"gb-media-06d6b442\" src=\"https:\/\/snf.frifugl.com\/wp-content\/uploads\/2025\/10\/guovza-2-e1719479044574-1024x532-1.jpg\" alt=\"Bj\u00f8rnespor\" srcset=\"https:\/\/snf.frifugl.com\/wp-content\/uploads\/2025\/10\/guovza-2-e1719479044574-1024x532-1.jpg 1024w, https:\/\/snf.frifugl.com\/wp-content\/uploads\/2025\/10\/guovza-2-e1719479044574-1024x532-1-300x156.jpg 300w, https:\/\/snf.frifugl.com\/wp-content\/uploads\/2025\/10\/guovza-2-e1719479044574-1024x532-1-768x399.jpg 768w, https:\/\/snf.frifugl.com\/wp-content\/uploads\/2025\/10\/guovza-2-e1719479044574-1024x532-1-18x9.jpg 18w\" sizes=\"auto, (max-width: 1024px) 100vw, 1024px\" \/>\n\n\n\n<h2 class=\"gb-text gb-text-dcc11f8f\"><a href=\"https:\/\/snf.frifugl.com\/en\/bjornespor\/\">Bj\u00f8rnespor<\/a><\/h2>\n<\/div>\n<\/div>\n\n\n<div class=\"gb-element-d8495c7e gb-query-loop-pagination\">\n\n\n\n<\/div>\n\n\n<\/div>\n\n\n\n<h2 class=\"gb-text gb-text-5158f02c\">Projects<\/h2>\n\n\n\n<div class=\"gb-query-e3c6bfe8\"><div class=\"gb-looper-5c507840\">\n<div class=\"gb-loop-item gb-loop-item-9dc093a2 post-49172 post type-post status-publish format-standard has-post-thumbnail hentry category-prosjekter\">\n<a href=\"https:\/\/snf.frifugl.com\/en\/kopiering-av-ratnu-grene\/\"><img loading=\"lazy\" decoding=\"async\" width=\"271\" height=\"300\" data-media-id=\"49173\" class=\"gb-media-08fa02e7\" src=\"https:\/\/snf.frifugl.com\/wp-content\/uploads\/2025\/10\/Kopiering-ratnu-grene-1-20.03.24-271x300-1.jpg\" alt=\"Kopiering av r\u00e1tnu \/ grene\" srcset=\"https:\/\/snf.frifugl.com\/wp-content\/uploads\/2025\/10\/Kopiering-ratnu-grene-1-20.03.24-271x300-1.jpg 271w, https:\/\/snf.frifugl.com\/wp-content\/uploads\/2025\/10\/Kopiering-ratnu-grene-1-20.03.24-271x300-1-11x12.jpg 11w\" sizes=\"auto, (max-width: 271px) 100vw, 271px\" \/><\/a>\n\n\n\n<h2 class=\"gb-text gb-text-db47f5f6\"><a href=\"https:\/\/snf.frifugl.com\/en\/kopiering-av-ratnu-grene\/\">Kopiering av r\u00e1tnu \/ grene<\/a><\/h2>\n<\/div>\n\n<div class=\"gb-loop-item gb-loop-item-9dc093a2 post-49176 post type-post status-publish format-standard has-post-thumbnail hentry category-prosjekter\">\n<a href=\"https:\/\/snf.frifugl.com\/en\/mahtut-prosjektet\/\"><img loading=\"lazy\" decoding=\"async\" width=\"1024\" height=\"768\" data-media-id=\"49180\" class=\"gb-media-08fa02e7\" src=\"https:\/\/snf.frifugl.com\/wp-content\/uploads\/2024\/06\/433610465_407803368528801_906233636777744824_n-1024x768-1.jpg\" alt=\"M\u00e1htut prosjektet\" srcset=\"https:\/\/snf.frifugl.com\/wp-content\/uploads\/2024\/06\/433610465_407803368528801_906233636777744824_n-1024x768-1.jpg 1024w, https:\/\/snf.frifugl.com\/wp-content\/uploads\/2024\/06\/433610465_407803368528801_906233636777744824_n-1024x768-1-300x225.jpg 300w, https:\/\/snf.frifugl.com\/wp-content\/uploads\/2024\/06\/433610465_407803368528801_906233636777744824_n-1024x768-1-768x576.jpg 768w, https:\/\/snf.frifugl.com\/wp-content\/uploads\/2024\/06\/433610465_407803368528801_906233636777744824_n-1024x768-1-16x12.jpg 16w\" sizes=\"auto, (max-width: 1024px) 100vw, 1024px\" \/><\/a>\n\n\n\n<h2 class=\"gb-text gb-text-db47f5f6\"><a href=\"https:\/\/snf.frifugl.com\/en\/mahtut-prosjektet\/\">M\u00e1htut project<\/a><\/h2>\n<\/div>\n\n<div class=\"gb-loop-item gb-loop-item-9dc093a2 post-49408 post type-post status-publish format-standard has-post-thumbnail hentry category-prosjekter\">\n<a href=\"https:\/\/snf.frifugl.com\/en\/prosjektet-davvirat-duiskkas\/\"><img loading=\"lazy\" decoding=\"async\" width=\"760\" height=\"570\" data-media-id=\"49409\" class=\"gb-media-08fa02e7\" src=\"https:\/\/snf.frifugl.com\/wp-content\/uploads\/2025\/10\/310882111_1130102784247818_2882173062522979609_n-1-760x570-1.jpg\" alt=\"Prosjektet Davvirat Duiskkas\" srcset=\"https:\/\/snf.frifugl.com\/wp-content\/uploads\/2025\/10\/310882111_1130102784247818_2882173062522979609_n-1-760x570-1.jpg 760w, https:\/\/snf.frifugl.com\/wp-content\/uploads\/2025\/10\/310882111_1130102784247818_2882173062522979609_n-1-760x570-1-300x225.jpg 300w, https:\/\/snf.frifugl.com\/wp-content\/uploads\/2025\/10\/310882111_1130102784247818_2882173062522979609_n-1-760x570-1-16x12.jpg 16w\" sizes=\"auto, (max-width: 760px) 100vw, 760px\" \/><\/a>\n\n\n\n<h2 class=\"gb-text gb-text-db47f5f6\"><a href=\"https:\/\/snf.frifugl.com\/en\/prosjektet-davvirat-duiskkas\/\">Prosjektet Davvirat Duiskkas<\/a><\/h2>\n<\/div>\n\n<div class=\"gb-loop-item gb-loop-item-9dc093a2 post-49442 post type-post status-publish format-standard has-post-thumbnail hentry category-prosjekter\">\n<a href=\"https:\/\/snf.frifugl.com\/en\/dutkan-davvin-forskning-i-nord\/\"><img loading=\"lazy\" decoding=\"async\" width=\"1250\" height=\"744\" data-media-id=\"49443\" class=\"gb-media-08fa02e7\" src=\"https:\/\/snf.frifugl.com\/wp-content\/uploads\/2025\/10\/Foto_-dutkan-davvin.jpg\" alt=\"Dutkan Davvin \u2013 Forskning i nord\" srcset=\"https:\/\/snf.frifugl.com\/wp-content\/uploads\/2025\/10\/Foto_-dutkan-davvin.jpg 1250w, https:\/\/snf.frifugl.com\/wp-content\/uploads\/2025\/10\/Foto_-dutkan-davvin-300x179.jpg 300w, https:\/\/snf.frifugl.com\/wp-content\/uploads\/2025\/10\/Foto_-dutkan-davvin-1024x609.jpg 1024w, https:\/\/snf.frifugl.com\/wp-content\/uploads\/2025\/10\/Foto_-dutkan-davvin-768x457.jpg 768w, https:\/\/snf.frifugl.com\/wp-content\/uploads\/2025\/10\/Foto_-dutkan-davvin-18x12.jpg 18w\" sizes=\"auto, (max-width: 1250px) 100vw, 1250px\" \/><\/a>\n\n\n\n<h2 class=\"gb-text gb-text-db47f5f6\"><a href=\"https:\/\/snf.frifugl.com\/en\/dutkan-davvin-forskning-i-nord\/\">Dutkan Davvin \u2013 Forskning i nord<\/a><\/h2>\n<\/div>\n<\/div>\n\n\n<div class=\"gb-element-93bb3b21 gb-query-loop-pagination\">\n\n\n\n<\/div>\n\n\n<\/div>\n<\/div>\n<\/div>","protected":false},"excerpt":{"rendered":"<p>Davvi \u00e1lbmogiid guovdd\u00e1\u0161 \/ Senter for nordlige folk (D\u00c1G) har samisk museumsansvar for nordlige Midt- Troms og Nord- Troms. Museet skal drive innsamling, dokumentasjon, bevaring, forskning og formidling av regional samisk kultur og historie, og av nordlige folks kulturelle vitaliseringsuttrykk.I v\u00e5rt arbeid forholder vi oss til ICOMs museumsdefinisjon: Et museum er en ikke-kommersiell, permanent institusjon&hellip; <a class=\"continue\" href=\"https:\/\/snf.frifugl.com\/en\/dutkan-davvin-forskning-i-nord\/\">Continue reading<span> Dutkan Davvin \u2013 Forskning i nord<\/span><\/a><\/p>","protected":false},"author":1,"featured_media":0,"parent":0,"menu_order":0,"comment_status":"closed","ping_status":"closed","template":"","meta":{"footnotes":""},"class_list":["post-49117","page","type-page","status-publish"],"_hostinger_reach_plugin_has_subscription_block":false,"_hostinger_reach_plugin_is_elementor":false,"_links":{"self":[{"href":"https:\/\/snf.frifugl.com\/en\/wp-json\/wp\/v2\/pages\/49117","targetHints":{"allow":["GET"]}}],"collection":[{"href":"https:\/\/snf.frifugl.com\/en\/wp-json\/wp\/v2\/pages"}],"about":[{"href":"https:\/\/snf.frifugl.com\/en\/wp-json\/wp\/v2\/types\/page"}],"author":[{"embeddable":true,"href":"https:\/\/snf.frifugl.com\/en\/wp-json\/wp\/v2\/users\/1"}],"replies":[{"embeddable":true,"href":"https:\/\/snf.frifugl.com\/en\/wp-json\/wp\/v2\/comments?post=49117"}],"version-history":[{"count":20,"href":"https:\/\/snf.frifugl.com\/en\/wp-json\/wp\/v2\/pages\/49117\/revisions"}],"predecessor-version":[{"id":49331,"href":"https:\/\/snf.frifugl.com\/en\/wp-json\/wp\/v2\/pages\/49117\/revisions\/49331"}],"wp:attachment":[{"href":"https:\/\/snf.frifugl.com\/en\/wp-json\/wp\/v2\/media?parent=49117"}],"curies":[{"name":"wp","href":"https:\/\/api.w.org\/{rel}","templated":true}]}}