{"id":49062,"date":"2025-10-06T15:04:50","date_gmt":"2025-10-06T15:04:50","guid":{"rendered":"https:\/\/snf.frifugl.com\/?page_id=49062"},"modified":"2025-10-06T21:13:42","modified_gmt":"2025-10-06T21:13:42","slug":"arsmeldinger","status":"publish","type":"page","link":"https:\/\/snf.frifugl.com\/en\/om-oss\/arsmeldinger\/","title":{"rendered":"Annual reports"},"content":{"rendered":"<div class=\"gb-element-404b32ec\">\n<div>\n<p><a href=\"\/wp-content\/uploads\/2025\/10\/Arsmelding-2017.-Finale.pdf\">\u00c5rsmelding 2017<\/a><\/p>\n\n\n\n<p><a href=\"\/wp-content\/uploads\/2025\/10\/Arsmelding-2018-signert.pdf\">\u00c5rsmelding 2018<\/a><\/p>\n\n\n\n<p><a href=\"\/wp-content\/uploads\/2025\/10\/Arsregnskap-2018-signert.pdf\">\u00c5rsregnskap 2018<\/a><\/p>\n\n\n\n<p><a href=\"\/wp-content\/uploads\/2025\/10\/Arsmelding-2019-signert-28.05.2020.pdf\">\u00c5rsmelding 2019<\/a><\/p>\n\n\n\n<p><a href=\"\/wp-content\/uploads\/2025\/10\/055-2019-Offentlig-regnskap.pdf\">\u00c5rsregnskap 2019<\/a><\/p>\n<\/div>\n\n\n\n<div>\n<p><a href=\"\/wp-content\/uploads\/2025\/10\/Arsmelding-2020-.pdf\">\u00c5rsmelding 2020<\/a><\/p>\n\n\n\n<p><a href=\"https:\/\/nordligefolk.sharepoint.com\/sites\/Felles\/Delte%20dokumenter\/Forms\/AllItems.aspx?id=%2Fsites%2FFelles%2FDelte%20dokumenter%2F1%5FSenter%20for%20nordlige%20folk%20AS%2F1%5FAdministrasjon%20og%20ledelse%2FStyrer%2FHovedstyret%20D%C3%81G%20AS%2F2021%2FSaksdok%2F1802%2F055%2D2020%2DOffentlig%20regnskap%2EPDF&amp;parent=%2Fsites%2FFelles%2FDelte%20dokumenter%2F1%5FSenter%20for%20nordlige%20folk%20AS%2F1%5FAdministrasjon%20og%20ledelse%2FStyrer%2FHovedstyret%20D%C3%81G%20AS%2F2021%2FSaksdok%2F1802\">\u00c5rsregnskap 2020<\/a><\/p>\n\n\n\n<p><a href=\"https:\/\/nordligefolk.sharepoint.com\/sites\/Felles\/Delte%20dokumenter\/Forms\/AllItems.aspx?id=%2Fsites%2FFelles%2FDelte%20dokumenter%2F1%5FSenter%20for%20nordlige%20folk%20AS%2F1%5FAdministrasjon%20og%20ledelse%2FStyrer%2FGeneralforsamling%2F2022%2FA%CC%8Arsmelding%202021%20ny%2Epdf&amp;parent=%2Fsites%2FFelles%2FDelte%20dokumenter%2F1%5FSenter%20for%20nordlige%20folk%20AS%2F1%5FAdministrasjon%20og%20ledelse%2FStyrer%2FGeneralforsamling%2F2022\">\u00c5rsmelding 2021<\/a><\/p>\n\n\n\n<p><a href=\"https:\/\/nordligefolk.sharepoint.com\/sites\/Felles\/Delte%20dokumenter\/Forms\/AllItems.aspx?id=%2Fsites%2FFelles%2FDelte%20dokumenter%2F1%5FSenter%20for%20nordlige%20folk%20AS%2F1%5FAdministrasjon%20og%20ledelse%2F20%2E17%20%C3%85rsberetninger%20og%20%C3%A5rsregnskap%2F2022%2F055%2D2021%2DOffentlig%20regnskap%2Epdf&amp;parent=%2Fsites%2FFelles%2FDelte%20dokumenter%2F1%5FSenter%20for%20nordlige%20folk%20AS%2F1%5FAdministrasjon%20og%20ledelse%2F20%2E17%20%C3%85rsberetninger%20og%20%C3%A5rsregnskap%2F2022\">\u00c5rsregnskap 2021<\/a><\/p>\n\n\n\n<p><a href=\"\/wp-content\/uploads\/2025\/10\/Arsmelding-DAG-2022-1.pdf\">\u00c5rsmelding 2022<\/a><\/p>\n<\/div>\n\n\n\n<div>\n<p><a href=\"\/wp-content\/uploads\/2025\/10\/Arsmelding-DAG-2023.pdf\" target=\"_blank\" rel=\"noreferrer noopener\">\u00c5rsmelding 2023<\/a><\/p>\n\n\n\n<p><a href=\"\/wp-content\/uploads\/2025\/10\/055-2023Offentligregnskap.signed.pdf\" target=\"_blank\" rel=\"noreferrer noopener\">\u00c5rsregnskap 2023<\/a><\/p>\n\n\n\n<p><a href=\"\/wp-content\/uploads\/2025\/10\/DAG-Arsmelding-2024-1.pdf\" target=\"_blank\" rel=\"noreferrer noopener\">\u00c5rsmelding 2024<\/a><\/p>\n<\/div>\n<\/div>","protected":false},"excerpt":{"rendered":"<p>\u00c5rsmelding 2017 \u00c5rsmelding 2018 \u00c5rsregnskap 2018 \u00c5rsmelding 2019 \u00c5rsregnskap 2019 \u00c5rsmelding 2020 \u00c5rsregnskap 2020 \u00c5rsmelding 2021 \u00c5rsregnskap 2021 \u00c5rsmelding 2022 \u00c5rsmelding 2023 \u00c5rsregnskap 2023 \u00c5rsmelding 2024<\/p>","protected":false},"author":1,"featured_media":0,"parent":49046,"menu_order":0,"comment_status":"closed","ping_status":"closed","template":"","meta":{"footnotes":""},"class_list":["post-49062","page","type-page","status-publish"],"_hostinger_reach_plugin_has_subscription_block":false,"_hostinger_reach_plugin_is_elementor":false,"_links":{"self":[{"href":"https:\/\/snf.frifugl.com\/en\/wp-json\/wp\/v2\/pages\/49062","targetHints":{"allow":["GET"]}}],"collection":[{"href":"https:\/\/snf.frifugl.com\/en\/wp-json\/wp\/v2\/pages"}],"about":[{"href":"https:\/\/snf.frifugl.com\/en\/wp-json\/wp\/v2\/types\/page"}],"author":[{"embeddable":true,"href":"https:\/\/snf.frifugl.com\/en\/wp-json\/wp\/v2\/users\/1"}],"replies":[{"embeddable":true,"href":"https:\/\/snf.frifugl.com\/en\/wp-json\/wp\/v2\/comments?post=49062"}],"version-history":[{"count":3,"href":"https:\/\/snf.frifugl.com\/en\/wp-json\/wp\/v2\/pages\/49062\/revisions"}],"predecessor-version":[{"id":49102,"href":"https:\/\/snf.frifugl.com\/en\/wp-json\/wp\/v2\/pages\/49062\/revisions\/49102"}],"up":[{"embeddable":true,"href":"https:\/\/snf.frifugl.com\/en\/wp-json\/wp\/v2\/pages\/49046"}],"wp:attachment":[{"href":"https:\/\/snf.frifugl.com\/en\/wp-json\/wp\/v2\/media?parent=49062"}],"curies":[{"name":"wp","href":"https:\/\/api.w.org\/{rel}","templated":true}]}}