{"id":49057,"date":"2025-10-06T15:02:26","date_gmt":"2025-10-06T15:02:26","guid":{"rendered":"https:\/\/snf.frifugl.com\/?page_id=49057"},"modified":"2025-10-06T21:11:15","modified_gmt":"2025-10-06T21:11:15","slug":"vedtekter","status":"publish","type":"page","link":"https:\/\/snf.frifugl.com\/en\/om-oss\/vedtekter\/","title":{"rendered":"Statutes"},"content":{"rendered":"<p><strong>\u00a7 1<\/strong><\/p>\n\n\n\n<p>Selskapets navn skal v\u00e6re Senter for nordlige folk AS \/ Davvi \u00e1lbmogiid guovdd\u00e1\u0161 OS.<\/p>\n\n\n\n<p>\u00a7 2<\/p>\n\n\n\n<p>Selskapets forretningskommune er 1940 G\u00e1ivuotna\/K\u00e5fjord og adressen er 9144 Samuelsberg<\/p>\n\n\n\n<p><strong>\u00a7 3<\/strong><\/p>\n\n\n\n<p>Selskapets form\u00e5l er \u00e5 utvikle, ivareta og fremme samisk, urfolks- og nordlige folks kulturer med utgangspunkt i det sj\u00f8samiske.<\/p>\n\n\n\n<p>Selskapet skal v\u00e6re et ressurssenter for akt\u00f8rer som jobber for selskapets form\u00e5l p\u00e5 lokalt, regionalt, nasjonalt og internasjonalt plan. Sentret skal gj\u00f8re nordlige folks kulturer mer tilgjengelig, og bidra til \u00f8kt kunnskap og oppmerksomhet om urfolk.<\/p>\n\n\n\n<p><strong>\u00a7 4<\/strong><\/p>\n\n\n\n<p>\u00d8konomisk overskudd av selskapets virksomhet skal i sin helhet anvendes til fremme av selskapets form\u00e5l, likevel slik at selskapet kan foreta fondsavsetninger innenfor gjeldene skatte- og regnskapsregler. Selskapet skal ikke utbetale utbytte til aksjon\u00e6rene.<\/p>\n\n\n\n<p><strong>\u00a7 5<\/strong><\/p>\n\n\n\n<p>Selskapets aksjekapital er NOK 4.360. 000,- fordelt p\u00e5 21800 aksjer \u00e1 NOK 200 NOK fult innbetalt og p\u00e5lydende navn.<\/p>\n\n\n\n<p><strong>\u00a7 6<br><\/strong>Aksjene er fritt omsettelig, men begrenset til aksjon\u00e6rer som etter styrets oppfatning kan bidra til&nbsp;\u00e5&nbsp;fremme&nbsp;selskapets form\u00e5l. Forkj\u00f8psrett for overdragelser av aksjer gjelder kun for aksjon\u00e6rer med 10% eller st\u00f8rre eierandel. Alle aksjeoverdragelser skal godkjennes av styret.<\/p>\n\n\n\n<p><strong>\u00a7 7<\/strong><\/p>\n\n\n\n<p>Selskapets styre skal ha 5 medlemmer, hvorav partene har rett til \u00e5 utpeke en representant hver. Det skal velges personlige vararepresentanter.<\/p>\n\n\n\n<p>Styremedlemmene skal ha 2 \u00e5rs funksjonstid. Det forutsettes at aksjelovens prosedyrer for valg av nytt styremedlem f\u00f8lges.<\/p>\n\n\n\n<p><strong>\u00a7 8<\/strong><\/p>\n\n\n\n<p>Selskapets signatur innehas av styrets leder og 1 styremedlem i fellesskap.<\/p>\n\n\n\n<p><strong>\u00a7 9<\/strong><\/p>\n\n\n\n<p>Generalforsamling innkalles i henhold til aksjelovens bestemmelser.<\/p>\n\n\n\n<p>Den ordin\u00e6re generalforsamling skal behandle:<\/p>\n\n\n\n<p>1.&nbsp;&nbsp;&nbsp;&nbsp;&nbsp;&nbsp;Godkjenne \u00e5rsregnskap og \u00e5rsberetning.<\/p>\n\n\n\n<p>2.&nbsp;&nbsp;&nbsp;&nbsp;&nbsp;&nbsp;Anvendelse av overskudd eller dekning av underskudd i henhold til fastsatt balanse.<\/p>\n\n\n\n<p>3.&nbsp;&nbsp;&nbsp;&nbsp;&nbsp;&nbsp;Valg av styre, styrets leder og styrets nestleder.<\/p>\n\n\n\n<p>4.&nbsp;&nbsp;&nbsp;&nbsp;&nbsp;&nbsp;&nbsp;Fastsettelse av godtgj\u00f8relse til styret og revisor.<\/p>\n\n\n\n<p>5.&nbsp;&nbsp;&nbsp;&nbsp;&nbsp;&nbsp;Andre saker som i henhold til lover h\u00f8rer inn under generalforsamlingen.<\/p>\n\n\n\n<p><strong>\u00a7 10<\/strong><\/p>\n\n\n\n<p>Ekstraordin\u00e6r generalforsamling innkalles n\u00e5r styret eller aksjeeiere som representerer minst 1\/10 av aksjekapitalen krever det.<\/p>\n\n\n\n<p>Ekstraordin\u00e6r generalforsamling behandler kun de saker som er nevnt i innkallingen.<\/p>\n\n\n\n<p><strong>\u00a7 11<\/strong><\/p>\n\n\n\n<p>Forslag om vedtektsendringer m\u00e5 v\u00e6re forelagt styret senest tre m\u00e5neder f\u00f8r saken skal behandles p\u00e5 generalforsamlingen og kunngj\u00f8res for aksjon\u00e6rene senest en m\u00e5ned f\u00f8r behandling.<\/p>\n\n\n\n<p><strong>\u00a7 12<\/strong><\/p>\n\n\n\n<p>Ved oppl\u00f8sning av selskapet skal selskapets verdier fordeles p\u00e5 eierne i forhold til deres eierandel.<\/p>\n\n\n\n<p><strong>\u00a7 13<\/strong><\/p>\n\n\n\n<p>For \u00f8vrig vises det til den til enhver tid gjeldende aksjelovgivning<\/p>","protected":false},"excerpt":{"rendered":"<p>\u00a7 1 Selskapets navn skal v\u00e6re Senter for nordlige folk AS \/ Davvi \u00e1lbmogiid guovdd\u00e1\u0161 OS. \u00a7 2 Selskapets forretningskommune er 1940 G\u00e1ivuotna\/K\u00e5fjord og adressen er 9144 Samuelsberg \u00a7 3 Selskapets form\u00e5l er \u00e5 utvikle, ivareta og fremme samisk, urfolks- og nordlige folks kulturer med utgangspunkt i det sj\u00f8samiske. Selskapet skal v\u00e6re et ressurssenter for&hellip; <a class=\"continue\" href=\"https:\/\/snf.frifugl.com\/en\/om-oss\/vedtekter\/\">Continue reading<span> Statutes<\/span><\/a><\/p>","protected":false},"author":1,"featured_media":0,"parent":49046,"menu_order":0,"comment_status":"closed","ping_status":"closed","template":"","meta":{"footnotes":""},"class_list":["post-49057","page","type-page","status-publish"],"_hostinger_reach_plugin_has_subscription_block":false,"_hostinger_reach_plugin_is_elementor":false,"_links":{"self":[{"href":"https:\/\/snf.frifugl.com\/en\/wp-json\/wp\/v2\/pages\/49057","targetHints":{"allow":["GET"]}}],"collection":[{"href":"https:\/\/snf.frifugl.com\/en\/wp-json\/wp\/v2\/pages"}],"about":[{"href":"https:\/\/snf.frifugl.com\/en\/wp-json\/wp\/v2\/types\/page"}],"author":[{"embeddable":true,"href":"https:\/\/snf.frifugl.com\/en\/wp-json\/wp\/v2\/users\/1"}],"replies":[{"embeddable":true,"href":"https:\/\/snf.frifugl.com\/en\/wp-json\/wp\/v2\/comments?post=49057"}],"version-history":[{"count":2,"href":"https:\/\/snf.frifugl.com\/en\/wp-json\/wp\/v2\/pages\/49057\/revisions"}],"predecessor-version":[{"id":49059,"href":"https:\/\/snf.frifugl.com\/en\/wp-json\/wp\/v2\/pages\/49057\/revisions\/49059"}],"up":[{"embeddable":true,"href":"https:\/\/snf.frifugl.com\/en\/wp-json\/wp\/v2\/pages\/49046"}],"wp:attachment":[{"href":"https:\/\/snf.frifugl.com\/en\/wp-json\/wp\/v2\/media?parent=49057"}],"curies":[{"name":"wp","href":"https:\/\/api.w.org\/{rel}","templated":true}]}}