{"id":49046,"date":"2025-10-06T14:56:54","date_gmt":"2025-10-06T14:56:54","guid":{"rendered":"https:\/\/snf.frifugl.com\/?page_id=49046"},"modified":"2025-10-06T14:56:54","modified_gmt":"2025-10-06T14:56:54","slug":"om-oss","status":"publish","type":"page","link":"https:\/\/snf.frifugl.com\/en\/om-oss\/","title":{"rendered":"About"},"content":{"rendered":"<div class=\"gb-element-ef0a72d7\">\n<div>\n<p><strong>Davvi \u00e1lbmogiid guovdd\u00e1\u0161 \u2013 Senter for nordlige folk<\/strong><\/p>\n\n\n\n<p>Davvi \u00e1lbmogiid guovdd\u00e1\u0161 (D\u00c1G) er et sj\u00f8samisk museum og et levende samisk kulturhus med hele S\u00e1pmi og nordomr\u00e5dene som sitt virkeomr\u00e5de. V\u00e5rt m\u00e5l er \u00e5 bevare, utvikle og formidle samisk, urfolks- og nordlige folks kulturer \u2013 med s\u00e6rlig vekt p\u00e5 den sj\u00f8samiske tradisjonen.<\/p>\n\n\n\n<p>Senteret huser i dag et bredt spekter av funksjoner og tilbud: museum, samisk spr\u00e5ksenter, bibliotek, utstillingslokaler, kj\u00f8kken og kontorarealer. Blant de samiske virksomhetene som holder til her, finner du Sametinget, Riddu Ri\u0111\u0111u Festiv\u00e1la, Giellasiida (samisk spr\u00e5ksenter) og Samisk bibliotektjeneste. I tillegg har K\u00e5fjord kommune sitt folkebibliotek, kulturskole og ungdomsklubb i senteret.<\/p>\n\n\n\n<p>D\u00c1G er en del av den samiske kulturhusstrukturen og dekker s\u00e6rlig regionen Nord-Troms. Driften er st\u00f8ttet blant annet av Sametinget og Troms fylkeskommune.<\/p>\n<\/div>\n\n\n\n<div>\n<img loading=\"lazy\" decoding=\"async\" width=\"1024\" height=\"683\" class=\"gb-media-21004011\" alt=\"\" src=\"https:\/\/snf.frifugl.com\/wp-content\/uploads\/2025\/10\/IMG_0111-2-1024x683-1.jpg\" title=\"IMG_0111-2-1024x683\" srcset=\"https:\/\/snf.frifugl.com\/wp-content\/uploads\/2025\/10\/IMG_0111-2-1024x683-1.jpg 1024w, https:\/\/snf.frifugl.com\/wp-content\/uploads\/2025\/10\/IMG_0111-2-1024x683-1-300x200.jpg 300w, https:\/\/snf.frifugl.com\/wp-content\/uploads\/2025\/10\/IMG_0111-2-1024x683-1-768x512.jpg 768w, https:\/\/snf.frifugl.com\/wp-content\/uploads\/2025\/10\/IMG_0111-2-1024x683-1-18x12.jpg 18w\" sizes=\"auto, (max-width: 1024px) 100vw, 1024px\" \/>\n<\/div>\n<\/div>\n\n\n\n<p><strong>Historien bak etableringen av senteret<\/strong><\/p>\n\n\n\n<p>I 1988 tok samiske organisasjoner initiativ til \u00e5 etablere en m\u00f8teplass for samisk kultur. Etter grundige dr\u00f8ftinger med ulike akt\u00f8rer i regionen, ble det enighet om \u00e5 utvide Manndalen Bygdehus og utvikle det til et samisk senter \u2013 et naturlig valg, ettersom flertallet av akt\u00f8rene i omr\u00e5det hadde samiske r\u00f8tter.<\/p>\n\n\n\n<p>Planene utviklet seg videre til et ambisi\u00f8st prosjekt: \u00e5 etablere et nasjonalt samisk kompetansesenter under navnet&nbsp;<strong>\u00c1ja Samisk Senter BA<\/strong>. Gjennom \u00e5rsm\u00f8tevedtak i 1993 og 1994 overf\u00f8rte alle andelseiere sine andeler til det nye senteret. Samtidig ble det gjennomf\u00f8rt en andelsutvidelse, hvor lag og foreninger, kommuner og andre relevante akt\u00f8rer ble invitert til \u00e5 kj\u00f8pe andeler.<\/p>\n\n\n\n<p>I 1995 sto en st\u00f8rre utvidelse av senteret ferdig. Den nye bygningsmassen ga hensiktsmessige lokaler til blant annet&nbsp;<strong>NRK S\u00e1mi Radio<\/strong>, administrasjonen for \u00c1ja Samisk Senter, kj\u00f8kkenavdelingen,&nbsp;<strong>Riddu Ri\u0111\u0111u<\/strong>,&nbsp;<strong>Nord-Troms Museum<\/strong>&nbsp;og&nbsp;<strong>Samisk spr\u00e5ksenter<\/strong>.<\/p>\n\n\n\n<p>Utbyggingen hadde en kostnadsramme p\u00e5 4,7 millioner kroner, og ble finansiert med midler fra&nbsp;<strong>Troms fylkeskommune<\/strong>,&nbsp;<strong>Sametinget<\/strong>,&nbsp;<strong>Kulturdepartementet<\/strong>,&nbsp;<strong>K\u00e5fjord kommune<\/strong>&nbsp;og et l\u00e5neopptak som dekket 50 % av kostnadene.<\/p>\n\n\n\n<h4 class=\"wp-block-heading\"><a href=\"https:\/\/senterfornordligefolk.no\/om-oss\/#1518682580653-7bc88b2f-bb3e\">Utbygginger i 2005 og 2009<\/a><\/h4>\n\n\n\n<p>En videre delutbygging av \u00c1ja Samisk Senter ble fullf\u00f8rt i 2005 og ga nye og st\u00f8rre lokaler for Samisk Spr\u00e5ksenter, en regional samisk bibliotektjeneste, Sametinget, Riddu Ri\u0111\u0111u festivalen og senteradministrasjonen. Utvidelsen av senteret i 2005 p\u00e5 14 mill. kr ble finansiert av Troms Fylkeskommune, Sametinget, K\u00e5fjord kommune og \u00c1ja Samisk Senter ved l\u00e5neopptak p\u00e5 3,5 mill kr. Finansieringen ble betraktet som et regionalt l\u00f8ft og skulle dekke de akutte behov i p\u00e5vente av en full statlig finansiering av en helhetlig utbygging.<\/p>\n\n\n\n<p>I 2007 har Kulturdepartementet gitt Statsbygg i oppdrag \u00e5 bygge ut senteret for 22. mill. kr for \u00e5 f\u00e5 lokaler til et samisk museum, bibliotek og et mindre areal for bespisning utenom kultursalen. Utbyggingen var ferdig i 2011 og ble \u00e5pnet under Riddu Ri\u0111\u0111u av kulturministeren. Samtidig \u00e5pnet ogs\u00e5 det nye Samtidsmuseet ved senteret som Sametinget har gitt et samisk museumsansvar for Nord- Troms, Nordre Midt Troms m\/Troms\u00f8.<\/p>\n\n\n\n<h4 class=\"wp-block-heading\"><a href=\"https:\/\/senterfornordligefolk.no\/om-oss\/#1518682633438-09dac590-8e87\">Et nasjonalt oppdrag fra 2009<\/a><\/h4>\n\n\n\n<p>I \u00e5r 2009 ble senteret endret fra \u00e5 v\u00e6re et sj\u00f8samisk senter (\u00c1ja samisk senter) til \u00e5 bli Senter for nordlige folk. Senteret har fortsatt et nasjonalt samisk oppdrag; utvikle og bevare sj\u00f8samisk spr\u00e5k og kultur. I tillegg fikk senteret et nordlige urfolk fokus. Riddu Ri\u0111\u0111u har siden begynnelsen av 2000-tallet hatt et \u00e5rlig fokus p\u00e5 nordlige urfolk. Der man har invitert ett urfolk i nord og presentert folket p\u00e5 festivalen. Folket gjorde oss kjent med deres musikk, dans, ritualer og andre kulturuttrykk over flere dager p\u00e5 festivalen. Gjennom dette fokuset s\u00e5 man tidlig at kunnskapsformidling om nordlige urfolk b\u00f8r styrkes og formidles utover den \u00e5rlige festivalen. \u00c1ja samisk senter som var den fysiske rammen for Riddu Ri\u0111\u0111u ble da sett som den naturlige institusjonen som burde og kunne videref\u00f8re dette.<\/p>\n\n\n\n<p>Etter omstruktueringen fikk senteret et todelt oppdrag; bidra til \u00e5 \u00f8ke forst\u00e5elsen for urfolk gjennom \u00e5 formidle kunnskap om nordlige urfolk, og styrke og utvikle sj\u00f8samisk spr\u00e5k, kunst og kultur.<\/p>","protected":false},"excerpt":{"rendered":"<p>Davvi \u00e1lbmogiid guovdd\u00e1\u0161 \u2013 Senter for nordlige folk Davvi \u00e1lbmogiid guovdd\u00e1\u0161 (D\u00c1G) er et sj\u00f8samisk museum og et levende samisk kulturhus med hele S\u00e1pmi og nordomr\u00e5dene som sitt virkeomr\u00e5de. V\u00e5rt m\u00e5l er \u00e5 bevare, utvikle og formidle samisk, urfolks- og nordlige folks kulturer \u2013 med s\u00e6rlig vekt p\u00e5 den sj\u00f8samiske tradisjonen. Senteret huser i dag&hellip; <a class=\"continue\" href=\"https:\/\/snf.frifugl.com\/en\/om-oss\/\">Continue reading<span> About<\/span><\/a><\/p>","protected":false},"author":1,"featured_media":0,"parent":0,"menu_order":0,"comment_status":"closed","ping_status":"closed","template":"","meta":{"footnotes":""},"class_list":["post-49046","page","type-page","status-publish"],"_hostinger_reach_plugin_has_subscription_block":false,"_hostinger_reach_plugin_is_elementor":false,"_links":{"self":[{"href":"https:\/\/snf.frifugl.com\/en\/wp-json\/wp\/v2\/pages\/49046","targetHints":{"allow":["GET"]}}],"collection":[{"href":"https:\/\/snf.frifugl.com\/en\/wp-json\/wp\/v2\/pages"}],"about":[{"href":"https:\/\/snf.frifugl.com\/en\/wp-json\/wp\/v2\/types\/page"}],"author":[{"embeddable":true,"href":"https:\/\/snf.frifugl.com\/en\/wp-json\/wp\/v2\/users\/1"}],"replies":[{"embeddable":true,"href":"https:\/\/snf.frifugl.com\/en\/wp-json\/wp\/v2\/comments?post=49046"}],"version-history":[{"count":1,"href":"https:\/\/snf.frifugl.com\/en\/wp-json\/wp\/v2\/pages\/49046\/revisions"}],"predecessor-version":[{"id":49048,"href":"https:\/\/snf.frifugl.com\/en\/wp-json\/wp\/v2\/pages\/49046\/revisions\/49048"}],"wp:attachment":[{"href":"https:\/\/snf.frifugl.com\/en\/wp-json\/wp\/v2\/media?parent=49046"}],"curies":[{"name":"wp","href":"https:\/\/api.w.org\/{rel}","templated":true}]}}