{"id":48975,"date":"2025-10-06T00:50:45","date_gmt":"2025-10-06T00:50:45","guid":{"rendered":"https:\/\/snf.frifugl.com\/?page_id=48975"},"modified":"2025-10-13T21:24:56","modified_gmt":"2025-10-13T21:24:56","slug":"kjokken","status":"publish","type":"page","link":"https:\/\/snf.frifugl.com\/en\/lokaler\/kjokken\/","title":{"rendered":"Kitchens"},"content":{"rendered":"<div class=\"gb-element-8ee28c68\">\n<div class=\"gb-element-b1432104\">\n<div class=\"gb-element-8b2bd6d9\">\n<div class=\"gb-element-8dd8e566\">\n<figure class=\"wp-block-image size-full\"><img loading=\"lazy\" decoding=\"async\" width=\"768\" height=\"576\" src=\"https:\/\/snf.frifugl.com\/wp-content\/uploads\/2025\/10\/image2768x576.jpeg\" alt=\"Kj\u00f8kken og kafelokale\" class=\"wp-image-49105\" srcset=\"https:\/\/snf.frifugl.com\/wp-content\/uploads\/2025\/10\/image2768x576.jpeg 768w, https:\/\/snf.frifugl.com\/wp-content\/uploads\/2025\/10\/image2768x576-300x225.jpeg 300w, https:\/\/snf.frifugl.com\/wp-content\/uploads\/2025\/10\/image2768x576-16x12.jpeg 16w\" sizes=\"auto, (max-width: 768px) 100vw, 768px\" \/><figcaption class=\"wp-element-caption\">Kj\u00f8kken og kafelokale<\/figcaption><\/figure>\n\n\n\n<figure class=\"wp-block-image size-full\"><img loading=\"lazy\" decoding=\"async\" width=\"1024\" height=\"681\" src=\"https:\/\/snf.frifugl.com\/wp-content\/uploads\/2025\/10\/Aja_Foto_Orjan_Bertelsen05-1024x681-1.jpg\" alt=\"Senter for nordlige folk\" class=\"wp-image-48897\" srcset=\"https:\/\/snf.frifugl.com\/wp-content\/uploads\/2025\/10\/Aja_Foto_Orjan_Bertelsen05-1024x681-1.jpg 1024w, https:\/\/snf.frifugl.com\/wp-content\/uploads\/2025\/10\/Aja_Foto_Orjan_Bertelsen05-1024x681-1-300x200.jpg 300w, https:\/\/snf.frifugl.com\/wp-content\/uploads\/2025\/10\/Aja_Foto_Orjan_Bertelsen05-1024x681-1-768x511.jpg 768w, https:\/\/snf.frifugl.com\/wp-content\/uploads\/2025\/10\/Aja_Foto_Orjan_Bertelsen05-1024x681-1-18x12.jpg 18w\" sizes=\"auto, (max-width: 1024px) 100vw, 1024px\" \/><\/figure>\n<\/div>\n\n\n\n<div class=\"gb-element-5a501d39\">\n<h2 class=\"gb-text\">V\u00e5rt sj\u00f8samiske kj\u00f8kken \u2028<\/h2>\n\n\n\n<p class=\"gb-text\">T\u00f8rrkj\u00f8ttsuppe, rognbollesuppe\u2026 Bli kjent med sj\u00f8samisk kultur gjennom mat. Mattradisjonene i omr\u00e5det gir oss gode kulturopplevelser og forteller mye om kulturen v\u00e5r. Velkommen til \u00e5 ta del i v\u00e5re sj\u00f8samiske matopplevelser med fokus p\u00e5 lokal mat. Vi serverer kun p\u00e5 bestilling!<\/p>\n\n\n\n<div class=\"gb-element-dd97372a\">\n<p class=\"gb-text gb-text-3f1a5369\">Varmretter<\/p>\n\n\n\n<ul class=\"wp-block-list\">\n<li>Boknafisk med gulrotstuing, baconfett og kokte poteter<\/li>\n\n\n\n<li>Lettsalta torsk med hvitsaus, gr\u00f8nnsaker og kokte poteter<\/li>\n\n\n\n<li>T\u00f8rrkj\u00f8ttlapskaus. Inneholder f\u00e5rekj\u00f8tt, poteter, gulr\u00f8tter, k\u00e5lrot<\/li>\n\n\n\n<li>Bi\u0111us \u2013 reinkj\u00f8ttsuppe med gulr\u00f8tter og poteter<\/li>\n\n\n\n<li>Sm\u00e5stek av okse- og f\u00e5rekj\u00f8tt, ertestuing, gulr\u00f8tter og kokte poteter<\/li>\n\n\n\n<li>Viltgryte med gr\u00f8nnsaker og hjemmelaga potetmos<\/li>\n\n\n\n<li>Hjemmelaga karbonader med erter, l\u00f8k og egg<\/li>\n<\/ul>\n<\/div>\n\n\n\n<div class=\"gb-element-35c5cfc1\">\n<p class=\"gb-text gb-text-3e5a4b4e\"><strong>Koldtbord<\/strong><\/p>\n\n\n\n<p>med r\u00f8kt laks, hjemmelaga kj\u00f8ttrull, fylte egg med reker og laks, ulike skinker, ovnsbakt kald laks, druesalat og pastasalat, br\u00f8d og sm\u00f8r.<\/p>\n\n\n\n<p class=\"gb-text gb-text-c909ca70\"><strong>Enkle retter<\/strong><\/p>\n\n\n\n<p>Reker, loff og majones<br>Hjembakt br\u00f8d med brunost og nyr\u00f8rt syltet\u00f8y<\/p>\n<\/div>\n\n\n\n<h3 class=\"gb-text\">Har du andre \u00f8nsker? <br>Ta gjerne kontakt for tilbud.<\/h3>\n\n\n\n<a class=\"gb-text gb-text-9a635b57\" href=\"\/en\/kontakt-oss\/\">Contact<\/a>\n<\/div>\n<\/div>\n<\/div>\n<\/div>","protected":false},"excerpt":{"rendered":"<p>V\u00e5rt sj\u00f8samiske kj\u00f8kken \u2028 T\u00f8rrkj\u00f8ttsuppe, rognbollesuppe\u2026 Bli kjent med sj\u00f8samisk kultur gjennom mat. Mattradisjonene i omr\u00e5det gir oss gode kulturopplevelser og forteller mye om kulturen v\u00e5r. Velkommen til \u00e5 ta del i v\u00e5re sj\u00f8samiske matopplevelser med fokus p\u00e5 lokal mat. Vi serverer kun p\u00e5 bestilling! Varmretter Koldtbord med r\u00f8kt laks, hjemmelaga kj\u00f8ttrull, fylte egg med&hellip; <a class=\"continue\" href=\"https:\/\/snf.frifugl.com\/en\/lokaler\/kjokken\/\">Continue reading<span> Kitchens<\/span><\/a><\/p>","protected":false},"author":1,"featured_media":0,"parent":48903,"menu_order":0,"comment_status":"closed","ping_status":"closed","template":"","meta":{"footnotes":""},"class_list":["post-48975","page","type-page","status-publish"],"_hostinger_reach_plugin_has_subscription_block":false,"_hostinger_reach_plugin_is_elementor":false,"_links":{"self":[{"href":"https:\/\/snf.frifugl.com\/en\/wp-json\/wp\/v2\/pages\/48975","targetHints":{"allow":["GET"]}}],"collection":[{"href":"https:\/\/snf.frifugl.com\/en\/wp-json\/wp\/v2\/pages"}],"about":[{"href":"https:\/\/snf.frifugl.com\/en\/wp-json\/wp\/v2\/types\/page"}],"author":[{"embeddable":true,"href":"https:\/\/snf.frifugl.com\/en\/wp-json\/wp\/v2\/users\/1"}],"replies":[{"embeddable":true,"href":"https:\/\/snf.frifugl.com\/en\/wp-json\/wp\/v2\/comments?post=48975"}],"version-history":[{"count":4,"href":"https:\/\/snf.frifugl.com\/en\/wp-json\/wp\/v2\/pages\/48975\/revisions"}],"predecessor-version":[{"id":49188,"href":"https:\/\/snf.frifugl.com\/en\/wp-json\/wp\/v2\/pages\/48975\/revisions\/49188"}],"up":[{"embeddable":true,"href":"https:\/\/snf.frifugl.com\/en\/wp-json\/wp\/v2\/pages\/48903"}],"wp:attachment":[{"href":"https:\/\/snf.frifugl.com\/en\/wp-json\/wp\/v2\/media?parent=48975"}],"curies":[{"name":"wp","href":"https:\/\/api.w.org\/{rel}","templated":true}]}}