{"id":39740,"date":"2023-07-24T20:08:03","date_gmt":"2023-07-24T20:08:03","guid":{"rendered":"https:\/\/business-one.local\/?page_id=7"},"modified":"2025-10-14T02:58:27","modified_gmt":"2025-10-14T02:58:27","slug":"home","status":"publish","type":"page","link":"https:\/\/snf.frifugl.com\/en\/","title":{"rendered":"Home"},"content":{"rendered":"<div class=\"gb-element-c5c3024d\">\n<div><div >\n<div class=\"gb-loop-item post-49194 post type-post status-publish format-standard has-post-thumbnail hentry category-nyheter tag-highlight tag-mahtut tag-mahtut-prosjektet tag-manndalen-skole tag-uit\">\n<img loading=\"lazy\" decoding=\"async\" width=\"2048\" height=\"1371\" alt=\"Rognbollesuppe\" data-media-id=\"49195\" class=\"gb-media-d57280c0\" src=\"https:\/\/snf.frifugl.com\/wp-content\/uploads\/2025\/10\/Rognbollesuppe-2048x1371-1.jpeg\" srcset=\"https:\/\/snf.frifugl.com\/wp-content\/uploads\/2025\/10\/Rognbollesuppe-2048x1371-1.jpeg 2048w, https:\/\/snf.frifugl.com\/wp-content\/uploads\/2025\/10\/Rognbollesuppe-2048x1371-1-300x201.jpeg 300w, https:\/\/snf.frifugl.com\/wp-content\/uploads\/2025\/10\/Rognbollesuppe-2048x1371-1-1024x686.jpeg 1024w, https:\/\/snf.frifugl.com\/wp-content\/uploads\/2025\/10\/Rognbollesuppe-2048x1371-1-768x514.jpeg 768w, https:\/\/snf.frifugl.com\/wp-content\/uploads\/2025\/10\/Rognbollesuppe-2048x1371-1-1536x1028.jpeg 1536w, https:\/\/snf.frifugl.com\/wp-content\/uploads\/2025\/10\/Rognbollesuppe-2048x1371-1-18x12.jpeg 18w\" sizes=\"auto, (max-width: 2048px) 100vw, 2048px\" \/>\n\n\n\n<div class=\"gb-element-482720dc\"><\/div>\n\n\n\n<div class=\"gb-element-6ea823d4\">\n<div class=\"gb-element-3af50bf5\">\n<div class=\"gb-element-11b0eb94\">\n<div class=\"gb-text gb-text-6805289e\"><a href=\"https:\/\/snf.frifugl.com\/en\/category\/nyheter\/\" rel=\"tag\">News<\/a><\/div>\n<\/div>\n\n\n\n<h1 class=\"gb-text gb-text-f7ae6ccf\"><a href=\"https:\/\/snf.frifugl.com\/en\/veien-mot-guohpparmalis\/\">The road to guohpparm\u00e1lis<\/a><\/h1>\n\n\n\n<p class=\"gb-text gb-text-82eb0fd8\">The M\u00c1HTUT project is based on the idea that S\u00e1mi traditional knowledge holds important answers to the sustainability challenges of the future. For generations, S\u00e1mi communities have lived in balance with nature - with reuse, adaptation and respect for resources as fundamental values. The project emphasises this heritage as an inspiration in the green transition. <a class=\"continue\" href=\"https:\/\/snf.frifugl.com\/en\/veien-mot-guohpparmalis\/\">Continue reading<span> The road to guohpparm\u00e1lis<\/span><\/a><\/p>\n\n\n\n<a class=\"gb-text-9dbddb04\" href=\"https:\/\/snf.frifugl.com\/en\/veien-mot-guohpparmalis\/\" aria-label=\"Read more about Veien mot guohpparm\u00e1lis\"><span class=\"gb-text\">Read more<\/span><span class=\"gb-shape\"><svg aria-hidden=\"true\" role=\"img\" height=\"1em\" width=\"1em\" viewbox=\"0 0 256 512\" xmlns=\"http:\/\/www.w3.org\/2000\/svg\"><path fill=\"currentColor\" d=\"M224.3 273l-136 136c-9.4 9.4-24.6 9.4-33.9 0l-22.6-22.6c-9.4-9.4-9.4-24.6 0-33.9l96.4-96.4-96.4-96.4c-9.4-9.4-9.4-24.6 0-33.9L54.3 103c9.4-9.4 24.6-9.4 33.9 0l136 136c9.5 9.4 9.5 24.6.1 34z\"><\/path><\/svg><\/span><\/a>\n<\/div>\n<\/div>\n<\/div>\n<\/div><\/div>\n\n\n\n<div class=\"gb-query-f66e6277\"><div class=\"gb-looper-c36b24bf\">\n<div class=\"gb-loop-item gb-loop-item-aad85051 post-48952 post type-post status-publish format-standard has-post-thumbnail hentry category-midlertidige-utstillinger category-utstillinger tag-utstillinger\">\n<div class=\"gb-element-37ae3a36\">\n<img loading=\"lazy\" decoding=\"async\" width=\"150\" height=\"150\" data-media-id=\"48953\" class=\"gb-media-a779d0e5\" src=\"https:\/\/snf.frifugl.com\/wp-content\/uploads\/2025\/10\/20250821_085700-692x1024-1-150x150.jpg\" alt=\"Featured image placeholder 16:9\" title=\"placeholder-16-9-ratio\"\/>\n<\/div>\n\n\n\n<p class=\"gb-text gb-text-d50e37b2\"><a href=\"https:\/\/snf.frifugl.com\/en\/im-a-sami-boy\/\">I'm a S\u00e1mi Boy<\/a><\/p>\n<\/div>\n\n<div class=\"gb-loop-item gb-loop-item-aad85051 post-48993 post type-post status-publish format-standard has-post-thumbnail hentry category-arrangementer tag-reiseliv tag-sjosamisk tag-utstillinger\">\n<div class=\"gb-element-37ae3a36\">\n<img loading=\"lazy\" decoding=\"async\" width=\"150\" height=\"150\" data-media-id=\"48994\" class=\"gb-media-a779d0e5\" src=\"https:\/\/snf.frifugl.com\/wp-content\/uploads\/2025\/10\/image0-1024x768-1-150x150.jpeg\" alt=\"Featured image placeholder 16:9\" title=\"placeholder-16-9-ratio\"\/>\n<\/div>\n\n\n\n<p class=\"gb-text gb-text-d50e37b2\"><a href=\"https:\/\/snf.frifugl.com\/en\/the-sami-experience-en-sjosamisk-opplevelse\/\">The S\u00e1mi Experience<\/a><\/p>\n<\/div>\n\n<div class=\"gb-loop-item gb-loop-item-aad85051 post-49155 post type-post status-publish format-standard has-post-thumbnail hentry category-faste-utstillinger tag-utstillinger\">\n<div class=\"gb-element-37ae3a36\">\n<img loading=\"lazy\" decoding=\"async\" width=\"150\" height=\"150\" data-media-id=\"49156\" class=\"gb-media-a779d0e5\" src=\"https:\/\/snf.frifugl.com\/wp-content\/uploads\/2025\/10\/11-1024x724-1-150x150.png\" alt=\"Featured image placeholder 16:9\" title=\"placeholder-16-9-ratio\"\/>\n<\/div>\n\n\n\n<p class=\"gb-text gb-text-d50e37b2\"><a href=\"https:\/\/snf.frifugl.com\/en\/sjabakkenhuset\/\">Sj\u00e5bakken-house<\/a><\/p>\n<\/div>\n\n<div class=\"gb-loop-item gb-loop-item-aad85051 post-49130 post type-post status-publish format-standard has-post-thumbnail hentry category-faste-utstillinger category-museum tag-utstillinger\">\n<div class=\"gb-element-37ae3a36\">\n<img loading=\"lazy\" decoding=\"async\" width=\"150\" height=\"150\" data-media-id=\"49131\" class=\"gb-media-a779d0e5\" src=\"https:\/\/snf.frifugl.com\/wp-content\/uploads\/2025\/10\/Utstilling_Senter_for_Nordlige_Folk_2024_-07305-1536x1024-1-150x150.jpg\" alt=\"Featured image placeholder 16:9\" title=\"placeholder-16-9-ratio\"\/>\n<\/div>\n\n\n\n<p class=\"gb-text gb-text-d50e37b2\"><a href=\"https:\/\/snf.frifugl.com\/en\/fast-utstillingde-calbmi-ii-olat-guhkibuidda-sa-nar-oyet-ikke-lenger\/\">Permanent exhibition:De \u010dalbmi ii olat guhkibuidda \u2013 So the eye no longer reaches<\/a><\/p>\n<\/div>\n<\/div><\/div>\n<\/div>\n\n\n\n<div class=\"gb-element-f44477c5\">\n<div class=\"gb-element-db08f3d6\">\n<h2 class=\"gb-text gb-text-ce385660\">News<\/h2>\n\n\n\n<div><div class=\"gb-looper-e8a19db8\">\n<div class=\"gb-loop-item gb-loop-item-bfca2c91 post-50219 post type-post status-publish format-standard has-post-thumbnail hentry category-arrangementer\">\n<div class=\"gb-element-7efc952d\">\n<img loading=\"lazy\" decoding=\"async\" width=\"768\" height=\"432\" alt=\"\" data-media-id=\"50218\" class=\"gb-media-a80a97dd\" src=\"https:\/\/snf.frifugl.com\/wp-content\/uploads\/formidable\/2\/588712630_1463354185292275_5739354823888999413_n-768x432.jpg\" srcset=\"https:\/\/snf.frifugl.com\/wp-content\/uploads\/formidable\/2\/588712630_1463354185292275_5739354823888999413_n-768x432.jpg 768w, https:\/\/snf.frifugl.com\/wp-content\/uploads\/formidable\/2\/588712630_1463354185292275_5739354823888999413_n-300x169.jpg 300w, https:\/\/snf.frifugl.com\/wp-content\/uploads\/formidable\/2\/588712630_1463354185292275_5739354823888999413_n-1024x576.jpg 1024w, https:\/\/snf.frifugl.com\/wp-content\/uploads\/formidable\/2\/588712630_1463354185292275_5739354823888999413_n-1536x864.jpg 1536w, https:\/\/snf.frifugl.com\/wp-content\/uploads\/formidable\/2\/588712630_1463354185292275_5739354823888999413_n-18x10.jpg 18w, https:\/\/snf.frifugl.com\/wp-content\/uploads\/formidable\/2\/588712630_1463354185292275_5739354823888999413_n.jpg 1920w\" sizes=\"auto, (max-width: 768px) 100vw, 768px\" \/>\n\n\n\n<div class=\"gb-element-12b5617a\">\n<div class=\"gb-text gb-text-0c87f259\"><a href=\"https:\/\/snf.frifugl.com\/en\/category\/arrangementer\/\" rel=\"tag\">Events<\/a><\/div>\n<\/div>\n<\/div>\n\n\n\n<div class=\"gb-element-aa1e1150\">\n<h3 class=\"gb-text gb-text-8b8c54c7\"><a href=\"https:\/\/snf.frifugl.com\/en\/torsdagskino-i-manndalen-3\/\">Thursday cinema in Manndalen<\/a><\/h3>\n\n\n\n<p class=\"gb-text gb-text-4483d13d\">14. January 2026<\/p>\n<\/div>\n<\/div>\n\n<div class=\"gb-loop-item gb-loop-item-bfca2c91 post-49384 post type-post status-publish format-standard has-post-thumbnail hentry category-arrangementer\">\n<div class=\"gb-element-7efc952d\">\n<img loading=\"lazy\" decoding=\"async\" width=\"724\" height=\"1024\" alt=\"\" data-media-id=\"49383\" class=\"gb-media-a80a97dd\" src=\"https:\/\/snf.frifugl.com\/wp-content\/uploads\/formidable\/2\/1760353186652-d6c46811-7ec7-45b7-8198-0df97ad10443_1.jpg\" srcset=\"https:\/\/snf.frifugl.com\/wp-content\/uploads\/formidable\/2\/1760353186652-d6c46811-7ec7-45b7-8198-0df97ad10443_1.jpg 724w, https:\/\/snf.frifugl.com\/wp-content\/uploads\/formidable\/2\/1760353186652-d6c46811-7ec7-45b7-8198-0df97ad10443_1-212x300.jpg 212w, https:\/\/snf.frifugl.com\/wp-content\/uploads\/formidable\/2\/1760353186652-d6c46811-7ec7-45b7-8198-0df97ad10443_1-8x12.jpg 8w\" sizes=\"auto, (max-width: 724px) 100vw, 724px\" \/>\n\n\n\n<div class=\"gb-element-12b5617a\">\n<div class=\"gb-text gb-text-0c87f259\"><a href=\"https:\/\/snf.frifugl.com\/en\/category\/arrangementer\/\" rel=\"tag\">Events<\/a><\/div>\n<\/div>\n<\/div>\n\n\n\n<div class=\"gb-element-aa1e1150\">\n<h3 class=\"gb-text gb-text-8b8c54c7\"><a href=\"https:\/\/snf.frifugl.com\/en\/torsdagskino-i-manndalen\/\">Thursday cinema in Manndalen<\/a><\/h3>\n\n\n\n<p class=\"gb-text gb-text-4483d13d\">15. October 2025<\/p>\n<\/div>\n<\/div>\n\n<div class=\"gb-loop-item gb-loop-item-bfca2c91 post-49372 post type-post status-publish format-standard has-post-thumbnail hentry category-arrangementer\">\n<div class=\"gb-element-7efc952d\">\n<img loading=\"lazy\" decoding=\"async\" width=\"768\" height=\"432\" alt=\"\" data-media-id=\"49371\" class=\"gb-media-a80a97dd\" src=\"https:\/\/snf.frifugl.com\/wp-content\/uploads\/formidable\/2\/Julebord-768x432.png\" srcset=\"https:\/\/snf.frifugl.com\/wp-content\/uploads\/formidable\/2\/Julebord-768x432.png 768w, https:\/\/snf.frifugl.com\/wp-content\/uploads\/formidable\/2\/Julebord-300x169.png 300w, https:\/\/snf.frifugl.com\/wp-content\/uploads\/formidable\/2\/Julebord-1024x576.png 1024w, https:\/\/snf.frifugl.com\/wp-content\/uploads\/formidable\/2\/Julebord-1536x864.png 1536w, https:\/\/snf.frifugl.com\/wp-content\/uploads\/formidable\/2\/Julebord-18x10.png 18w, https:\/\/snf.frifugl.com\/wp-content\/uploads\/formidable\/2\/Julebord.png 1920w\" sizes=\"auto, (max-width: 768px) 100vw, 768px\" \/>\n\n\n\n<div class=\"gb-element-12b5617a\">\n<div class=\"gb-text gb-text-0c87f259\"><a href=\"https:\/\/snf.frifugl.com\/en\/category\/arrangementer\/\" rel=\"tag\">Events<\/a><\/div>\n<\/div>\n<\/div>\n\n\n\n<div class=\"gb-element-aa1e1150\">\n<h3 class=\"gb-text gb-text-8b8c54c7\"><a href=\"https:\/\/snf.frifugl.com\/en\/bygdas-julebord-2025\/\">The village Christmas party 2025<\/a><\/h3>\n\n\n\n<p class=\"gb-text gb-text-4483d13d\">14. October 2025<\/p>\n<\/div>\n<\/div>\n\n<div class=\"gb-loop-item gb-loop-item-bfca2c91 post-49200 post type-post status-publish format-standard has-post-thumbnail hentry category-arrangementer\">\n<div class=\"gb-element-7efc952d\">\n<img loading=\"lazy\" decoding=\"async\" width=\"768\" height=\"432\" alt=\"Bygdas julebord\" data-media-id=\"49201\" class=\"gb-media-a80a97dd\" src=\"https:\/\/snf.frifugl.com\/wp-content\/uploads\/2025\/10\/Julebord-768x432.png\" srcset=\"https:\/\/snf.frifugl.com\/wp-content\/uploads\/2025\/10\/Julebord-768x432.png 768w, https:\/\/snf.frifugl.com\/wp-content\/uploads\/2025\/10\/Julebord-300x169.png 300w, https:\/\/snf.frifugl.com\/wp-content\/uploads\/2025\/10\/Julebord-1024x576.png 1024w, https:\/\/snf.frifugl.com\/wp-content\/uploads\/2025\/10\/Julebord-1536x864.png 1536w, https:\/\/snf.frifugl.com\/wp-content\/uploads\/2025\/10\/Julebord-18x10.png 18w, https:\/\/snf.frifugl.com\/wp-content\/uploads\/2025\/10\/Julebord.png 1920w\" sizes=\"auto, (max-width: 768px) 100vw, 768px\" \/>\n\n\n\n<div class=\"gb-element-12b5617a\">\n<div class=\"gb-text gb-text-0c87f259\"><a href=\"https:\/\/snf.frifugl.com\/en\/category\/arrangementer\/\" rel=\"tag\">Events<\/a><\/div>\n<\/div>\n<\/div>\n\n\n\n<div class=\"gb-element-aa1e1150\">\n<h3 class=\"gb-text gb-text-8b8c54c7\"><a href=\"https:\/\/snf.frifugl.com\/en\/bygdas-julebord\/\">The village Christmas party!<\/a><\/h3>\n\n\n\n<p class=\"gb-text gb-text-4483d13d\">13. October 2025<\/p>\n<\/div>\n<\/div>\n\n<div class=\"gb-loop-item gb-loop-item-bfca2c91 post-49194 post type-post status-publish format-standard has-post-thumbnail hentry category-nyheter tag-highlight tag-mahtut tag-mahtut-prosjektet tag-manndalen-skole tag-uit\">\n<div class=\"gb-element-7efc952d\">\n<img loading=\"lazy\" decoding=\"async\" width=\"768\" height=\"514\" alt=\"Rognbollesuppe\" data-media-id=\"49195\" class=\"gb-media-a80a97dd\" src=\"https:\/\/snf.frifugl.com\/wp-content\/uploads\/2025\/10\/Rognbollesuppe-2048x1371-1-768x514.jpeg\" srcset=\"https:\/\/snf.frifugl.com\/wp-content\/uploads\/2025\/10\/Rognbollesuppe-2048x1371-1-768x514.jpeg 768w, https:\/\/snf.frifugl.com\/wp-content\/uploads\/2025\/10\/Rognbollesuppe-2048x1371-1-300x201.jpeg 300w, https:\/\/snf.frifugl.com\/wp-content\/uploads\/2025\/10\/Rognbollesuppe-2048x1371-1-1024x686.jpeg 1024w, https:\/\/snf.frifugl.com\/wp-content\/uploads\/2025\/10\/Rognbollesuppe-2048x1371-1-1536x1028.jpeg 1536w, https:\/\/snf.frifugl.com\/wp-content\/uploads\/2025\/10\/Rognbollesuppe-2048x1371-1-18x12.jpeg 18w, https:\/\/snf.frifugl.com\/wp-content\/uploads\/2025\/10\/Rognbollesuppe-2048x1371-1.jpeg 2048w\" sizes=\"auto, (max-width: 768px) 100vw, 768px\" \/>\n\n\n\n<div class=\"gb-element-12b5617a\">\n<div class=\"gb-text gb-text-0c87f259\"><a href=\"https:\/\/snf.frifugl.com\/en\/category\/nyheter\/\" rel=\"tag\">News<\/a><\/div>\n<\/div>\n<\/div>\n\n\n\n<div class=\"gb-element-aa1e1150\">\n<h3 class=\"gb-text gb-text-8b8c54c7\"><a href=\"https:\/\/snf.frifugl.com\/en\/veien-mot-guohpparmalis\/\">The road to guohpparm\u00e1lis<\/a><\/h3>\n\n\n\n<p class=\"gb-text gb-text-4483d13d\">13. October 2025<\/p>\n<\/div>\n<\/div>\n\n<div class=\"gb-loop-item gb-loop-item-bfca2c91 post-48944 post type-post status-publish format-standard has-post-thumbnail hentry category-nyheter\">\n<div class=\"gb-element-7efc952d\">\n<img loading=\"lazy\" decoding=\"async\" width=\"768\" height=\"437\" alt=\"Eallin - En film av \u00d8rjan Marekatt Berthelsen\" data-media-id=\"48945\" class=\"gb-media-a80a97dd\" src=\"https:\/\/snf.frifugl.com\/wp-content\/uploads\/2025\/10\/EALLIN1000-768x437-1.jpg\" srcset=\"https:\/\/snf.frifugl.com\/wp-content\/uploads\/2025\/10\/EALLIN1000-768x437-1.jpg 768w, https:\/\/snf.frifugl.com\/wp-content\/uploads\/2025\/10\/EALLIN1000-768x437-1-300x171.jpg 300w, https:\/\/snf.frifugl.com\/wp-content\/uploads\/2025\/10\/EALLIN1000-768x437-1-18x10.jpg 18w\" sizes=\"auto, (max-width: 768px) 100vw, 768px\" \/>\n\n\n\n<div class=\"gb-element-12b5617a\">\n<div class=\"gb-text gb-text-0c87f259\"><a href=\"https:\/\/snf.frifugl.com\/en\/category\/nyheter\/\" rel=\"tag\">News<\/a><\/div>\n<\/div>\n<\/div>\n\n\n\n<div class=\"gb-element-aa1e1150\">\n<h3 class=\"gb-text gb-text-8b8c54c7\"><a href=\"https:\/\/snf.frifugl.com\/en\/eallin\/\">Eallin<\/a><\/h3>\n\n\n\n<p class=\"gb-text gb-text-4483d13d\">4. October 2025<\/p>\n<\/div>\n<\/div>\n<\/div><\/div>\n<\/div>\n<\/div>\n\n\n\n<div class=\"gb-element-9fe3b45c\">\n<div class=\"gb-element-2d2d8f3a\">\n<h2 class=\"gb-text gb-text-7bc935f3\">Opening hours<\/h2>\n\n\n\n<p><strong>Exhibitions<\/strong><br>Monday-Friday: 10.00-15.00<\/p>\n\n\n\n<p><strong>The centre store<\/strong><br>Monday-Friday: 10.00-15.00<\/p>\n\n\n\n<p><strong>The library<\/strong><br>Monday-Friday: Self-service 10.00-15.00<br>Tuesday: 11.30 a.m. to 2 p.m.<\/p>\n<\/div>\n<\/div>\n\n\n\n<div class=\"gb-element-65ef0261\">\n<div class=\"gb-element-60a9053d\">\n<h2 class=\"gb-text\">Other activities at the Centre for Northern Peoples<\/h2>\n\n\n\n<div class=\"gb-element-916d28a9\">\n<div>\n<img loading=\"lazy\" decoding=\"async\" width=\"300\" height=\"70\" class=\"gb-media-5d7e698f\" alt=\"Riddu Riddu\" src=\"https:\/\/snf.frifugl.com\/wp-content\/uploads\/2025\/10\/RRF_Logo_Horisontal_CMYK-300x70-1.jpg\" title=\"RRF_Logo_Horisontal_CMYK-300x70\" srcset=\"https:\/\/snf.frifugl.com\/wp-content\/uploads\/2025\/10\/RRF_Logo_Horisontal_CMYK-300x70-1.jpg 300w, https:\/\/snf.frifugl.com\/wp-content\/uploads\/2025\/10\/RRF_Logo_Horisontal_CMYK-300x70-1-18x4.jpg 18w\" sizes=\"auto, (max-width: 300px) 100vw, 300px\" \/>\n<\/div>\n\n\n\n<div>\n<img loading=\"lazy\" decoding=\"async\" width=\"300\" height=\"91\" class=\"gb-media-9dc5606b\" alt=\"K\u00e5fjord Kommune\" src=\"https:\/\/snf.frifugl.com\/wp-content\/uploads\/2025\/10\/logo2016-300x91-1.png\" title=\"logo2016-300x91\" srcset=\"https:\/\/snf.frifugl.com\/wp-content\/uploads\/2025\/10\/logo2016-300x91-1.png 300w, https:\/\/snf.frifugl.com\/wp-content\/uploads\/2025\/10\/logo2016-300x91-1-18x5.png 18w\" sizes=\"auto, (max-width: 300px) 100vw, 300px\" \/>\n<\/div>\n\n\n\n<div>\n<img loading=\"lazy\" decoding=\"async\" width=\"300\" height=\"77\" class=\"gb-media-8df0513d\" alt=\"Nord-Troms Museum\" src=\"https:\/\/snf.frifugl.com\/wp-content\/uploads\/2025\/10\/Nord-Troms-museum-300x77-1.png\" title=\"Nord-Troms-museum-300x77\" srcset=\"https:\/\/snf.frifugl.com\/wp-content\/uploads\/2025\/10\/Nord-Troms-museum-300x77-1.png 300w, https:\/\/snf.frifugl.com\/wp-content\/uploads\/2025\/10\/Nord-Troms-museum-300x77-1-18x5.png 18w\" sizes=\"auto, (max-width: 300px) 100vw, 300px\" \/>\n<\/div>\n<\/div>\n\n\n\n<div class=\"gb-element-f49f6381\">\n<div>\n<img loading=\"lazy\" decoding=\"async\" width=\"300\" height=\"140\" class=\"gb-media-21cdac03\" alt=\"Sametinget\" src=\"https:\/\/snf.frifugl.com\/wp-content\/uploads\/2025\/10\/nord_farge_asymmetrisk-pdf-300x140-1.jpg\" title=\"nord_farge_asymmetrisk-pdf-300x140\" srcset=\"https:\/\/snf.frifugl.com\/wp-content\/uploads\/2025\/10\/nord_farge_asymmetrisk-pdf-300x140-1.jpg 300w, https:\/\/snf.frifugl.com\/wp-content\/uploads\/2025\/10\/nord_farge_asymmetrisk-pdf-300x140-1-18x8.jpg 18w\" sizes=\"auto, (max-width: 300px) 100vw, 300px\" \/>\n<\/div>\n\n\n\n<div>\n<img loading=\"lazy\" decoding=\"async\" width=\"300\" height=\"178\" class=\"gb-media-ad472fec\" alt=\"Giella siida\" src=\"https:\/\/snf.frifugl.com\/wp-content\/uploads\/2025\/10\/20988259_1720679498238803_3127528635536364434_o-1-300x178-1.jpg\" title=\"20988259_1720679498238803_3127528635536364434_o-1-300x178\" srcset=\"https:\/\/snf.frifugl.com\/wp-content\/uploads\/2025\/10\/20988259_1720679498238803_3127528635536364434_o-1-300x178-1.jpg 300w, https:\/\/snf.frifugl.com\/wp-content\/uploads\/2025\/10\/20988259_1720679498238803_3127528635536364434_o-1-300x178-1-18x12.jpg 18w\" sizes=\"auto, (max-width: 300px) 100vw, 300px\" \/>\n<\/div>\n\n\n\n<div>\n<img loading=\"lazy\" decoding=\"async\" width=\"300\" height=\"82\" class=\"gb-media-a799a3a8\" alt=\"Troms Fylkeskommune\" src=\"https:\/\/snf.frifugl.com\/wp-content\/uploads\/2025\/10\/TFK_RGB-300x82-2.jpg\" title=\"TFK_RGB-300x82\" srcset=\"https:\/\/snf.frifugl.com\/wp-content\/uploads\/2025\/10\/TFK_RGB-300x82-2.jpg 300w, https:\/\/snf.frifugl.com\/wp-content\/uploads\/2025\/10\/TFK_RGB-300x82-2-18x5.jpg 18w\" sizes=\"auto, (max-width: 300px) 100vw, 300px\" \/>\n<\/div>\n<\/div>\n<\/div>\n<\/div>\n\n\n\n<div class=\"gb-element-90cbf44a\">\n<div class=\"gb-element-4c03511b\">\n<h2 class=\"gb-text\">Fill in the contact form for information about the centre<\/h2>\n\n\n\n<a class=\"gb-text gb-text-9a635b57\" href=\"\/en\/kontakt-oss\/\">Contact<\/a>\n<\/div>\n<\/div>","protected":false},"excerpt":{"rendered":"<p>Nyheter \u00c5pningstider UtstillingerMandag\u2013fredag: kl. 10.00\u201315.00 SenterbutikkenMandag\u2013fredag: kl. 10.00\u201315.00 BibliotekMandag\u2013fredag: Selvbetjent kl. 10.00\u201315.00Tirsdag: Betjent kl. 11.30\u201314.00 Andre virksomheter p\u00e5 Senter for nordlige folk Fyll ut kontaktskjema for informasjon om senteret<\/p>","protected":false},"author":1,"featured_media":0,"parent":0,"menu_order":0,"comment_status":"closed","ping_status":"closed","template":"","meta":{"footnotes":""},"class_list":["post-39740","page","type-page","status-publish"],"_hostinger_reach_plugin_has_subscription_block":false,"_hostinger_reach_plugin_is_elementor":false,"_links":{"self":[{"href":"https:\/\/snf.frifugl.com\/en\/wp-json\/wp\/v2\/pages\/39740","targetHints":{"allow":["GET"]}}],"collection":[{"href":"https:\/\/snf.frifugl.com\/en\/wp-json\/wp\/v2\/pages"}],"about":[{"href":"https:\/\/snf.frifugl.com\/en\/wp-json\/wp\/v2\/types\/page"}],"author":[{"embeddable":true,"href":"https:\/\/snf.frifugl.com\/en\/wp-json\/wp\/v2\/users\/1"}],"replies":[{"embeddable":true,"href":"https:\/\/snf.frifugl.com\/en\/wp-json\/wp\/v2\/comments?post=39740"}],"version-history":[{"count":13,"href":"https:\/\/snf.frifugl.com\/en\/wp-json\/wp\/v2\/pages\/39740\/revisions"}],"predecessor-version":[{"id":49345,"href":"https:\/\/snf.frifugl.com\/en\/wp-json\/wp\/v2\/pages\/39740\/revisions\/49345"}],"wp:attachment":[{"href":"https:\/\/snf.frifugl.com\/en\/wp-json\/wp\/v2\/media?parent=39740"}],"curies":[{"name":"wp","href":"https:\/\/api.w.org\/{rel}","templated":true}]}}